{"id":1584,"date":"2016-09-10T16:31:41","date_gmt":"2016-09-10T14:31:41","guid":{"rendered":"https:\/\/www.gemitaly.it\/es\/prodotti\/glubran-tiss-2\/"},"modified":"2025-06-12T15:53:58","modified_gmt":"2025-06-12T13:53:58","slug":"glubran-tiss-2","status":"publish","type":"page","link":"https:\/\/www.gemitaly.it\/es\/productos\/glubran-tiss-2\/","title":{"rendered":"Glubran Tiss 2"},"content":{"rendered":"<p><div class=\"fusion-fullwidth fullwidth-box fusion-builder-row-1 fusion-flex-container nonhundred-percent-fullwidth non-hundred-percent-height-scrolling\" style=\"--awb-border-radius-top-left:0px;--awb-border-radius-top-right:0px;--awb-border-radius-bottom-right:0px;--awb-border-radius-bottom-left:0px;--awb-flex-wrap:wrap;\" ><div class=\"fusion-builder-row fusion-row fusion-flex-align-items-flex-start fusion-flex-content-wrap\" style=\"max-width:1144px;margin-left: calc(-4% \/ 2 );margin-right: calc(-4% \/ 2 );\"><div class=\"fusion-layout-column fusion_builder_column fusion-builder-column-0 fusion_builder_column_1_1 1_1 fusion-flex-column\" style=\"--awb-bg-size:cover;--awb-width-large:100%;--awb-margin-top-large:0px;--awb-spacing-right-large:1.92%;--awb-margin-bottom-large:0px;--awb-spacing-left-large:1.92%;--awb-width-medium:100%;--awb-spacing-right-medium:1.92%;--awb-spacing-left-medium:1.92%;--awb-width-small:100%;--awb-spacing-right-small:1.92%;--awb-spacing-left-small:1.92%;\"><div class=\"fusion-column-wrapper fusion-flex-justify-content-flex-start fusion-content-layout-column\"><div class=\"fusion-text fusion-text-1\"><h3>ADHESIVO CUT\u00c1NEO BICOMPONENTE<\/h3>\n<\/div><\/div><\/div><\/div><\/div><div class=\"fusion-fullwidth fullwidth-box fusion-builder-row-2 hundred-percent-fullwidth non-hundred-percent-height-scrolling\" style=\"--awb-border-radius-top-left:0px;--awb-border-radius-top-right:0px;--awb-border-radius-bottom-right:0px;--awb-border-radius-bottom-left:0px;--awb-overflow:visible;--awb-flex-wrap:wrap;\" ><div class=\"fusion-builder-row fusion-row\"><div class=\"fusion-layout-column fusion_builder_column fusion-builder-column-1 fusion_builder_column_1_1 1_1 fusion-one-full fusion-column-first fusion-column-last fusion-animated\" style=\"--awb-bg-size:cover;\" data-animationType=\"fadeInDown\" data-animationDuration=\"0.1\" data-animationOffset=\"top-into-view\"><div class=\"fusion-column-wrapper fusion-flex-column-wrapper-legacy\"><div class=\"fusion-column-content-centered\"><div class=\"fusion-column-content\"><div class=\"fusion-image-element in-legacy-container\" style=\"--awb-caption-title-font-family:var(--h2_typography-font-family);--awb-caption-title-font-weight:var(--h2_typography-font-weight);--awb-caption-title-font-style:var(--h2_typography-font-style);--awb-caption-title-size:var(--h2_typography-font-size);--awb-caption-title-transform:var(--h2_typography-text-transform);--awb-caption-title-line-height:var(--h2_typography-line-height);--awb-caption-title-letter-spacing:var(--h2_typography-letter-spacing);\"><span class=\" fusion-imageframe imageframe-none imageframe-1 hover-type-none\"><img loading=\"lazy\" decoding=\"async\" width=\"800\" height=\"296\" title=\"tiss2 3 box 2024\" src=\"https:\/\/www.gemitaly.it\/wp-content\/uploads\/2025\/06\/tiss2-3-box-2024-800x296.png\" alt class=\"img-responsive wp-image-14044\" srcset=\"https:\/\/www.gemitaly.it\/wp-content\/uploads\/2025\/06\/tiss2-3-box-2024-200x74.png 200w, https:\/\/www.gemitaly.it\/wp-content\/uploads\/2025\/06\/tiss2-3-box-2024-400x148.png 400w, https:\/\/www.gemitaly.it\/wp-content\/uploads\/2025\/06\/tiss2-3-box-2024-600x222.png 600w, https:\/\/www.gemitaly.it\/wp-content\/uploads\/2025\/06\/tiss2-3-box-2024-800x296.png 800w, https:\/\/www.gemitaly.it\/wp-content\/uploads\/2025\/06\/tiss2-3-box-2024-1200x444.png 1200w\" sizes=\"auto, (max-width: 800px) 100vw, 1200px\" \/><\/span><\/div><\/div><\/div><div class=\"fusion-clearfix\"><\/div><\/div><\/div><div class=\"fusion-layout-column fusion_builder_column fusion-builder-column-2 fusion_builder_column_1_1 1_1 fusion-one-full fusion-column-first fusion-column-last\" style=\"--awb-bg-size:cover;--awb-margin-bottom:0px;\"><div class=\"fusion-column-wrapper fusion-flex-column-wrapper-legacy\"><div class=\"fusion-text fusion-text-2\"><h4>\n<\/div><div class=\"fusion-clearfix\"><\/div><\/div><\/div><div class=\"fusion-layout-column fusion_builder_column fusion-builder-column-3 fusion_builder_column_1_1 1_1 fusion-one-full fusion-column-first fusion-column-last fusion-column-no-min-height\" style=\"--awb-bg-size:cover;--awb-margin-bottom:0px;\"><div class=\"fusion-column-wrapper fusion-flex-column-wrapper-legacy\"><div class=\"fusion-image-element fusion-image-align-right in-legacy-container\" style=\"text-align:right;--awb-caption-title-font-family:var(--h2_typography-font-family);--awb-caption-title-font-weight:var(--h2_typography-font-weight);--awb-caption-title-font-style:var(--h2_typography-font-style);--awb-caption-title-size:var(--h2_typography-font-size);--awb-caption-title-transform:var(--h2_typography-text-transform);--awb-caption-title-line-height:var(--h2_typography-line-height);--awb-caption-title-letter-spacing:var(--h2_typography-letter-spacing);\"><span class=\" fusion-imageframe imageframe-none imageframe-2 hover-type-none\" style=\"margin-left:25px;float:right;\"><img loading=\"lazy\" decoding=\"async\" width=\"220\" height=\"186\" title=\"glubran-tiss2-blister_220\" src=\"https:\/\/www.gemitaly.it\/wp-content\/uploads\/2016\/09\/glubran-tiss2-blister_220.jpg\" alt class=\"img-responsive wp-image-1398\"\/><\/span><\/div><div class=\"fusion-text fusion-text-3\"><h4>EFICAZ<br \/>\n<\/h4>\n<ul>\n<li>R\u00e1pido cierre de la herida (40-60 segundos)<\/li>\n<li>\u00d3ptimos resultados est\u00e9ticos<\/li>\n<li>Prevenci\u00f3n del riesgo de infecciones<\/li>\n<li>Reducci\u00f3n del trauma y de la inflamaci\u00f3n<\/li>\n<\/ul>\n<p>TAMBI\u00c9N EN PACIENTES CON COAGULOPAT\u00cdAS CONG\u00c9NITAS<\/p>\n<h4 data-fontsize=\"22\" data-lineheight=\"33px\" class=\"fusion-responsive-typography-calculated\" style=\"--fontSize:22; line-height: 1.5;\">FIABLE E INNOVADOR<\/h4>\n<p>Los dos mon\u00f3meros (NBCA+OCA) confieren:<\/p>\n<ul>\n<li>Elevada fuerza tensil y mejor elasticidad<\/li>\n<li>Temperatura de polimerizaci\u00f3n 45\u00b0C inferior a la de otros adhesivos cut\u00e1neos (80-90\u00b0C)<\/li>\n<\/ul>\n<h4 data-fontsize=\"22\" data-lineheight=\"33px\" class=\"fusion-responsive-typography-calculated\" style=\"--fontSize:22; line-height: 1.5;\">SEGURO<\/h4>\n<ul>\n<li>Ninguna necrosis tisular gracias a la baja temperatura de polimerizaci\u00f3n<\/li>\n<li>Biocompatibilidad tisular<\/li>\n<li>Barrera antimicrobiana impermeable y transpirante<\/li>\n<\/ul>\n<h4 data-fontsize=\"22\" data-lineheight=\"33px\" class=\"fusion-responsive-typography-calculated\" style=\"--fontSize:22; line-height: 1.5;\">F\u00c1CIL<\/h4>\n<ul>\n<li>Listo para su uso<\/li>\n<li>Aplicaci\u00f3n simple<\/li>\n<\/ul>\n<h4 data-fontsize=\"22\" data-lineheight=\"33px\" class=\"fusion-responsive-typography-calculated\" style=\"--fontSize:22; line-height: 1.5;\">PRECISO<\/h4>\n<ul>\n<li>Fluidez del producto, ergonom\u00eda de la ampolla y expresa punta aplicadora permiten una aplicaci\u00f3n controlada incluso en zonas de dif\u00edcil tratamiento<\/li>\n<\/ul>\n<h4 data-fontsize=\"22\" data-lineheight=\"33px\" class=\"fusion-responsive-typography-calculated\" style=\"--fontSize:22; line-height: 1.5;\">VERS\u00c1TIL<\/h4>\n<ul>\n<li>3 formatos: 0,25 ml, 0,35 ml, 0,50 ml<\/li>\n<\/ul>\n<h4 data-fontsize=\"22\" data-lineheight=\"33px\" class=\"fusion-responsive-typography-calculated\" style=\"--fontSize:22; line-height: 1.5;\">CONFORTABLE<\/h4>\n<ul>\n<li>Indoloro<\/li>\n<li>Transparente y resistente al agua<\/li>\n<li>Ninguna medicaci\u00f3n<\/li>\n<li>Se desprende en forma espont\u00e1nea 5-8 d\u00edas despu\u00e9s de la aplicaci\u00f3n<\/li>\n<li>Indicado en ni\u00f1os y pacientes no colaboradores<\/li>\n<\/ul>\n<h4 data-fontsize=\"22\" data-lineheight=\"33px\" class=\"fusion-responsive-typography-calculated\" style=\"--fontSize:22; line-height: 1.5;\">VENTAJAS ECON\u00d3MICAS<\/h4>\n<ul>\n<li>Ning\u00fan desperdicio de producto<\/li>\n<li>Visitas de control no necesarias<\/li>\n<li>Ninguna anestesia<\/li>\n<\/ul>\n<\/div><div class=\"fusion-clearfix\"><\/div><\/div><\/div><\/div><\/div><\/p>\n","protected":false},"excerpt":{"rendered":"","protected":false},"author":1,"featured_media":0,"parent":954,"menu_order":1,"comment_status":"closed","ping_status":"closed","template":"page-product.php","meta":{"_acf_changed":false,"footnotes":""},"class_list":["post-1584","page","type-page","status-publish","hentry"],"acf":[],"yoast_head":"<!-- This site is optimized with the Yoast SEO plugin v27.4 - https:\/\/yoast.com\/product\/yoast-seo-wordpress\/ -->\n<title>Glubran Tiss 2 - GEM Italy<\/title>\n<meta name=\"robots\" content=\"index, follow, max-snippet:-1, max-image-preview:large, max-video-preview:-1\" \/>\n<link rel=\"canonical\" href=\"https:\/\/www.gemitaly.it\/es\/productos\/glubran-tiss-2\/\" \/>\n<meta property=\"og:locale\" content=\"es_ES\" \/>\n<meta property=\"og:type\" content=\"article\" \/>\n<meta property=\"og:title\" content=\"Glubran Tiss 2 - GEM Italy\" \/>\n<meta property=\"og:url\" content=\"https:\/\/www.gemitaly.it\/es\/productos\/glubran-tiss-2\/\" \/>\n<meta property=\"og:site_name\" content=\"GEM Italy\" \/>\n<meta property=\"article:publisher\" content=\"https:\/\/www.facebook.com\/gemitaly\" \/>\n<meta property=\"article:modified_time\" content=\"2025-06-12T13:53:58+00:00\" \/>\n<meta property=\"og:image\" content=\"https:\/\/www.gemitaly.it\/wp-content\/uploads\/2016\/09\/glubran-tiss2-blister_220.jpg\" \/>\n<meta name=\"twitter:card\" content=\"summary_large_image\" \/>\n<meta name=\"twitter:label1\" content=\"Tiempo de lectura\" \/>\n\t<meta name=\"twitter:data1\" content=\"3 minutos\" \/>\n<script type=\"application\/ld+json\" class=\"yoast-schema-graph\">{\"@context\":\"https:\\\/\\\/schema.org\",\"@graph\":[{\"@type\":\"WebPage\",\"@id\":\"https:\\\/\\\/www.gemitaly.it\\\/es\\\/productos\\\/glubran-tiss-2\\\/\",\"url\":\"https:\\\/\\\/www.gemitaly.it\\\/es\\\/productos\\\/glubran-tiss-2\\\/\",\"name\":\"Glubran Tiss 2 - GEM Italy\",\"isPartOf\":{\"@id\":\"https:\\\/\\\/www.gemitaly.it\\\/#website\"},\"primaryImageOfPage\":{\"@id\":\"https:\\\/\\\/www.gemitaly.it\\\/es\\\/productos\\\/glubran-tiss-2\\\/#primaryimage\"},\"image\":{\"@id\":\"https:\\\/\\\/www.gemitaly.it\\\/es\\\/productos\\\/glubran-tiss-2\\\/#primaryimage\"},\"thumbnailUrl\":\"https:\\\/\\\/www.gemitaly.it\\\/wp-content\\\/uploads\\\/2016\\\/09\\\/glubran-tiss2-blister_220.jpg\",\"datePublished\":\"2016-09-10T14:31:41+00:00\",\"dateModified\":\"2025-06-12T13:53:58+00:00\",\"breadcrumb\":{\"@id\":\"https:\\\/\\\/www.gemitaly.it\\\/es\\\/productos\\\/glubran-tiss-2\\\/#breadcrumb\"},\"inLanguage\":\"es\",\"potentialAction\":[{\"@type\":\"ReadAction\",\"target\":[\"https:\\\/\\\/www.gemitaly.it\\\/es\\\/productos\\\/glubran-tiss-2\\\/\"]}]},{\"@type\":\"ImageObject\",\"inLanguage\":\"es\",\"@id\":\"https:\\\/\\\/www.gemitaly.it\\\/es\\\/productos\\\/glubran-tiss-2\\\/#primaryimage\",\"url\":\"https:\\\/\\\/www.gemitaly.it\\\/wp-content\\\/uploads\\\/2016\\\/09\\\/glubran-tiss2-blister_220.jpg\",\"contentUrl\":\"https:\\\/\\\/www.gemitaly.it\\\/wp-content\\\/uploads\\\/2016\\\/09\\\/glubran-tiss2-blister_220.jpg\"},{\"@type\":\"BreadcrumbList\",\"@id\":\"https:\\\/\\\/www.gemitaly.it\\\/es\\\/productos\\\/glubran-tiss-2\\\/#breadcrumb\",\"itemListElement\":[{\"@type\":\"ListItem\",\"position\":1,\"name\":\"Home\",\"item\":\"https:\\\/\\\/www.gemitaly.it\\\/es\\\/home\\\/\"},{\"@type\":\"ListItem\",\"position\":2,\"name\":\"Productos\",\"item\":\"https:\\\/\\\/www.gemitaly.it\\\/es\\\/productos\\\/\"},{\"@type\":\"ListItem\",\"position\":3,\"name\":\"Glubran Tiss 2\"}]},{\"@type\":\"WebSite\",\"@id\":\"https:\\\/\\\/www.gemitaly.it\\\/#website\",\"url\":\"https:\\\/\\\/www.gemitaly.it\\\/\",\"name\":\"GEM Italy\",\"description\":\"Synthetic Surgical Glues\",\"publisher\":{\"@id\":\"https:\\\/\\\/www.gemitaly.it\\\/#organization\"},\"potentialAction\":[{\"@type\":\"SearchAction\",\"target\":{\"@type\":\"EntryPoint\",\"urlTemplate\":\"https:\\\/\\\/www.gemitaly.it\\\/?s={search_term_string}\"},\"query-input\":{\"@type\":\"PropertyValueSpecification\",\"valueRequired\":true,\"valueName\":\"search_term_string\"}}],\"inLanguage\":\"es\"},{\"@type\":\"Organization\",\"@id\":\"https:\\\/\\\/www.gemitaly.it\\\/#organization\",\"name\":\"GEM Italy\",\"url\":\"https:\\\/\\\/www.gemitaly.it\\\/\",\"logo\":{\"@type\":\"ImageObject\",\"inLanguage\":\"es\",\"@id\":\"https:\\\/\\\/www.gemitaly.it\\\/#\\\/schema\\\/logo\\\/image\\\/\",\"url\":\"https:\\\/\\\/www.gemitaly.it\\\/wp-content\\\/uploads\\\/2024\\\/06\\\/icona-APP-GEM.png\",\"contentUrl\":\"https:\\\/\\\/www.gemitaly.it\\\/wp-content\\\/uploads\\\/2024\\\/06\\\/icona-APP-GEM.png\",\"width\":482,\"height\":520,\"caption\":\"GEM Italy\"},\"image\":{\"@id\":\"https:\\\/\\\/www.gemitaly.it\\\/#\\\/schema\\\/logo\\\/image\\\/\"},\"sameAs\":[\"https:\\\/\\\/www.facebook.com\\\/gemitaly\",\"https:\\\/\\\/www.linkedin.com\\\/company\\\/gem-s-r-l\\\/\"]}]}<\/script>\n<!-- \/ Yoast SEO plugin. -->","yoast_head_json":{"title":"Glubran Tiss 2 - GEM Italy","robots":{"index":"index","follow":"follow","max-snippet":"max-snippet:-1","max-image-preview":"max-image-preview:large","max-video-preview":"max-video-preview:-1"},"canonical":"https:\/\/www.gemitaly.it\/es\/productos\/glubran-tiss-2\/","og_locale":"es_ES","og_type":"article","og_title":"Glubran Tiss 2 - GEM Italy","og_url":"https:\/\/www.gemitaly.it\/es\/productos\/glubran-tiss-2\/","og_site_name":"GEM Italy","article_publisher":"https:\/\/www.facebook.com\/gemitaly","article_modified_time":"2025-06-12T13:53:58+00:00","og_image":[{"url":"https:\/\/www.gemitaly.it\/wp-content\/uploads\/2016\/09\/glubran-tiss2-blister_220.jpg","type":"","width":"","height":""}],"twitter_card":"summary_large_image","twitter_misc":{"Tiempo de lectura":"3 minutos"},"schema":{"@context":"https:\/\/schema.org","@graph":[{"@type":"WebPage","@id":"https:\/\/www.gemitaly.it\/es\/productos\/glubran-tiss-2\/","url":"https:\/\/www.gemitaly.it\/es\/productos\/glubran-tiss-2\/","name":"Glubran Tiss 2 - GEM Italy","isPartOf":{"@id":"https:\/\/www.gemitaly.it\/#website"},"primaryImageOfPage":{"@id":"https:\/\/www.gemitaly.it\/es\/productos\/glubran-tiss-2\/#primaryimage"},"image":{"@id":"https:\/\/www.gemitaly.it\/es\/productos\/glubran-tiss-2\/#primaryimage"},"thumbnailUrl":"https:\/\/www.gemitaly.it\/wp-content\/uploads\/2016\/09\/glubran-tiss2-blister_220.jpg","datePublished":"2016-09-10T14:31:41+00:00","dateModified":"2025-06-12T13:53:58+00:00","breadcrumb":{"@id":"https:\/\/www.gemitaly.it\/es\/productos\/glubran-tiss-2\/#breadcrumb"},"inLanguage":"es","potentialAction":[{"@type":"ReadAction","target":["https:\/\/www.gemitaly.it\/es\/productos\/glubran-tiss-2\/"]}]},{"@type":"ImageObject","inLanguage":"es","@id":"https:\/\/www.gemitaly.it\/es\/productos\/glubran-tiss-2\/#primaryimage","url":"https:\/\/www.gemitaly.it\/wp-content\/uploads\/2016\/09\/glubran-tiss2-blister_220.jpg","contentUrl":"https:\/\/www.gemitaly.it\/wp-content\/uploads\/2016\/09\/glubran-tiss2-blister_220.jpg"},{"@type":"BreadcrumbList","@id":"https:\/\/www.gemitaly.it\/es\/productos\/glubran-tiss-2\/#breadcrumb","itemListElement":[{"@type":"ListItem","position":1,"name":"Home","item":"https:\/\/www.gemitaly.it\/es\/home\/"},{"@type":"ListItem","position":2,"name":"Productos","item":"https:\/\/www.gemitaly.it\/es\/productos\/"},{"@type":"ListItem","position":3,"name":"Glubran Tiss 2"}]},{"@type":"WebSite","@id":"https:\/\/www.gemitaly.it\/#website","url":"https:\/\/www.gemitaly.it\/","name":"GEM Italy","description":"Synthetic Surgical Glues","publisher":{"@id":"https:\/\/www.gemitaly.it\/#organization"},"potentialAction":[{"@type":"SearchAction","target":{"@type":"EntryPoint","urlTemplate":"https:\/\/www.gemitaly.it\/?s={search_term_string}"},"query-input":{"@type":"PropertyValueSpecification","valueRequired":true,"valueName":"search_term_string"}}],"inLanguage":"es"},{"@type":"Organization","@id":"https:\/\/www.gemitaly.it\/#organization","name":"GEM Italy","url":"https:\/\/www.gemitaly.it\/","logo":{"@type":"ImageObject","inLanguage":"es","@id":"https:\/\/www.gemitaly.it\/#\/schema\/logo\/image\/","url":"https:\/\/www.gemitaly.it\/wp-content\/uploads\/2024\/06\/icona-APP-GEM.png","contentUrl":"https:\/\/www.gemitaly.it\/wp-content\/uploads\/2024\/06\/icona-APP-GEM.png","width":482,"height":520,"caption":"GEM Italy"},"image":{"@id":"https:\/\/www.gemitaly.it\/#\/schema\/logo\/image\/"},"sameAs":["https:\/\/www.facebook.com\/gemitaly","https:\/\/www.linkedin.com\/company\/gem-s-r-l\/"]}]}},"_links":{"self":[{"href":"https:\/\/www.gemitaly.it\/es\/wp-json\/wp\/v2\/pages\/1584","targetHints":{"allow":["GET"]}}],"collection":[{"href":"https:\/\/www.gemitaly.it\/es\/wp-json\/wp\/v2\/pages"}],"about":[{"href":"https:\/\/www.gemitaly.it\/es\/wp-json\/wp\/v2\/types\/page"}],"author":[{"embeddable":true,"href":"https:\/\/www.gemitaly.it\/es\/wp-json\/wp\/v2\/users\/1"}],"replies":[{"embeddable":true,"href":"https:\/\/www.gemitaly.it\/es\/wp-json\/wp\/v2\/comments?post=1584"}],"version-history":[{"count":7,"href":"https:\/\/www.gemitaly.it\/es\/wp-json\/wp\/v2\/pages\/1584\/revisions"}],"predecessor-version":[{"id":14051,"href":"https:\/\/www.gemitaly.it\/es\/wp-json\/wp\/v2\/pages\/1584\/revisions\/14051"}],"up":[{"embeddable":true,"href":"https:\/\/www.gemitaly.it\/es\/wp-json\/wp\/v2\/pages\/954"}],"wp:attachment":[{"href":"https:\/\/www.gemitaly.it\/es\/wp-json\/wp\/v2\/media?parent=1584"}],"curies":[{"name":"wp","href":"https:\/\/api.w.org\/{rel}","templated":true}]}}