{"id":2252,"date":"2016-09-22T19:30:40","date_gmt":"2016-09-22T17:30:40","guid":{"rendered":"https:\/\/www.gemitaly.it\/prodotti\/dispositivos-de-aplicacion\/dispositivos-para-laparoscopia\/catetere-per-laparoscopia\/"},"modified":"2019-04-07T17:28:48","modified_gmt":"2019-04-07T15:28:48","slug":"cateter-para-laparoscopia","status":"publish","type":"page","link":"https:\/\/www.gemitaly.it\/es\/productos\/dispositivos-de-aplicacion\/dispositivos-para-laparoscopia\/cateter-para-laparoscopia\/","title":{"rendered":"Cat\u00e9ter de liberaci\u00f3n manual laparosc\u00f3pica"},"content":{"rendered":"<div class=\"fusion-fullwidth fullwidth-box fusion-builder-row-1 hundred-percent-fullwidth non-hundred-percent-height-scrolling\" style=\"--awb-border-radius-top-left:0px;--awb-border-radius-top-right:0px;--awb-border-radius-bottom-right:0px;--awb-border-radius-bottom-left:0px;--awb-overflow:visible;--awb-flex-wrap:wrap;\" ><div class=\"fusion-builder-row fusion-row\"><div class=\"fusion-layout-column fusion_builder_column fusion-builder-column-0 fusion_builder_column_1_1 1_1 fusion-one-full fusion-column-first fusion-column-last fusion-column-no-min-height\" style=\"--awb-bg-size:cover;--awb-margin-bottom:0px;\"><div class=\"fusion-column-wrapper fusion-flex-column-wrapper-legacy\"><div class=\"fusion-image-element in-legacy-container\" style=\"--awb-caption-title-font-family:var(--h2_typography-font-family);--awb-caption-title-font-weight:var(--h2_typography-font-weight);--awb-caption-title-font-style:var(--h2_typography-font-style);--awb-caption-title-size:var(--h2_typography-font-size);--awb-caption-title-transform:var(--h2_typography-text-transform);--awb-caption-title-line-height:var(--h2_typography-line-height);--awb-caption-title-letter-spacing:var(--h2_typography-letter-spacing);\"><span class=\" fusion-imageframe imageframe-none imageframe-1 hover-type-none fusion-animated\" data-animationType=\"zoomInDown\" data-animationDuration=\"0.5\" data-animationOffset=\"top-into-view\"><img loading=\"lazy\" decoding=\"async\" width=\"800\" height=\"186\" title=\"prod_catetere_800\" src=\"https:\/\/www.gemitaly.it\/wp-content\/uploads\/2016\/09\/prod_catetere_800.jpg\" alt class=\"img-responsive wp-image-1091\"\/><\/span><\/div>\n<p>Dispositivo monouso que permite aplicar la Cola Quir\u00fargica <strong class=\"gemblue\">Glubran 2<\/strong> en modalidad gota a gota durante intervenciones de cirug\u00eda laparosc\u00f3pica.<\/p>\n<p>El cat\u00e9ter se puede utilizar con tr\u00f3car de 5 mm de di\u00e1metro.<\/p>\n<p>La secci\u00f3n capilar del lumen del cat\u00e9ter permite una aplicaci\u00f3n controlada de una sutil capa de Cola Quir\u00fargica <strong class=\"gemblue\">Glubran 2<\/strong> en cirug\u00eda laparosc\u00f3pica, todas las veces que se requiera hemostasia, adhesi\u00f3n, sellado y refuerzo de suturas.<div class=\"fusion-clearfix\"><\/div><\/div><\/div><\/div><\/div>\n","protected":false},"excerpt":{"rendered":"","protected":false},"author":1,"featured_media":0,"parent":2218,"menu_order":4,"comment_status":"closed","ping_status":"closed","template":"page-product.php","meta":{"_acf_changed":false,"footnotes":""},"class_list":["post-2252","page","type-page","status-publish","hentry"],"acf":[],"yoast_head":"<!-- This site is optimized with the Yoast SEO plugin v27.2 - https:\/\/yoast.com\/product\/yoast-seo-wordpress\/ -->\n<title>Cat\u00e9ter de liberaci\u00f3n manual laparosc\u00f3pica - GEM Italy<\/title>\n<meta name=\"robots\" content=\"index, follow, max-snippet:-1, max-image-preview:large, max-video-preview:-1\" \/>\n<link rel=\"canonical\" href=\"https:\/\/www.gemitaly.it\/es\/productos\/dispositivos-de-aplicacion\/dispositivos-para-laparoscopia\/cateter-para-laparoscopia\/\" \/>\n<meta property=\"og:locale\" content=\"es_ES\" \/>\n<meta property=\"og:type\" content=\"article\" \/>\n<meta property=\"og:title\" content=\"Cat\u00e9ter de liberaci\u00f3n manual laparosc\u00f3pica - GEM Italy\" \/>\n<meta property=\"og:url\" content=\"https:\/\/www.gemitaly.it\/es\/productos\/dispositivos-de-aplicacion\/dispositivos-para-laparoscopia\/cateter-para-laparoscopia\/\" \/>\n<meta property=\"og:site_name\" content=\"GEM Italy\" \/>\n<meta property=\"article:publisher\" content=\"https:\/\/www.facebook.com\/gemitaly\" \/>\n<meta property=\"article:modified_time\" content=\"2019-04-07T15:28:48+00:00\" \/>\n<meta property=\"og:image\" content=\"https:\/\/www.gemitaly.it\/wp-content\/uploads\/2016\/09\/prod_catetere_800.jpg\" \/>\n\t<meta property=\"og:image:width\" content=\"800\" \/>\n\t<meta property=\"og:image:height\" content=\"186\" \/>\n\t<meta property=\"og:image:type\" content=\"image\/jpeg\" \/>\n<meta name=\"twitter:card\" content=\"summary_large_image\" \/>\n<meta name=\"twitter:label1\" content=\"Tiempo de lectura\" \/>\n\t<meta name=\"twitter:data1\" content=\"1 minuto\" \/>\n<script type=\"application\/ld+json\" class=\"yoast-schema-graph\">{\"@context\":\"https:\/\/schema.org\",\"@graph\":[{\"@type\":\"WebPage\",\"@id\":\"https:\/\/www.gemitaly.it\/es\/productos\/dispositivos-de-aplicacion\/dispositivos-para-laparoscopia\/cateter-para-laparoscopia\/\",\"url\":\"https:\/\/www.gemitaly.it\/es\/productos\/dispositivos-de-aplicacion\/dispositivos-para-laparoscopia\/cateter-para-laparoscopia\/\",\"name\":\"Cat\u00e9ter de liberaci\u00f3n manual laparosc\u00f3pica - GEM Italy\",\"isPartOf\":{\"@id\":\"https:\/\/www.gemitaly.it\/#website\"},\"primaryImageOfPage\":{\"@id\":\"https:\/\/www.gemitaly.it\/es\/productos\/dispositivos-de-aplicacion\/dispositivos-para-laparoscopia\/cateter-para-laparoscopia\/#primaryimage\"},\"image\":{\"@id\":\"https:\/\/www.gemitaly.it\/es\/productos\/dispositivos-de-aplicacion\/dispositivos-para-laparoscopia\/cateter-para-laparoscopia\/#primaryimage\"},\"thumbnailUrl\":\"https:\/\/www.gemitaly.it\/wp-content\/uploads\/2016\/09\/prod_catetere_800.jpg\",\"datePublished\":\"2016-09-22T17:30:40+00:00\",\"dateModified\":\"2019-04-07T15:28:48+00:00\",\"breadcrumb\":{\"@id\":\"https:\/\/www.gemitaly.it\/es\/productos\/dispositivos-de-aplicacion\/dispositivos-para-laparoscopia\/cateter-para-laparoscopia\/#breadcrumb\"},\"inLanguage\":\"es\",\"potentialAction\":[{\"@type\":\"ReadAction\",\"target\":[\"https:\/\/www.gemitaly.it\/es\/productos\/dispositivos-de-aplicacion\/dispositivos-para-laparoscopia\/cateter-para-laparoscopia\/\"]}]},{\"@type\":\"ImageObject\",\"inLanguage\":\"es\",\"@id\":\"https:\/\/www.gemitaly.it\/es\/productos\/dispositivos-de-aplicacion\/dispositivos-para-laparoscopia\/cateter-para-laparoscopia\/#primaryimage\",\"url\":\"https:\/\/www.gemitaly.it\/wp-content\/uploads\/2016\/09\/prod_catetere_800.jpg\",\"contentUrl\":\"https:\/\/www.gemitaly.it\/wp-content\/uploads\/2016\/09\/prod_catetere_800.jpg\"},{\"@type\":\"BreadcrumbList\",\"@id\":\"https:\/\/www.gemitaly.it\/es\/productos\/dispositivos-de-aplicacion\/dispositivos-para-laparoscopia\/cateter-para-laparoscopia\/#breadcrumb\",\"itemListElement\":[{\"@type\":\"ListItem\",\"position\":1,\"name\":\"Home\",\"item\":\"https:\/\/www.gemitaly.it\/es\/home\/\"},{\"@type\":\"ListItem\",\"position\":2,\"name\":\"Productos\",\"item\":\"https:\/\/www.gemitaly.it\/es\/productos\/\"},{\"@type\":\"ListItem\",\"position\":3,\"name\":\"Dispositivos de aplicaci\u00f3n\",\"item\":\"https:\/\/www.gemitaly.it\/es\/productos\/dispositivos-de-aplicacion\/\"},{\"@type\":\"ListItem\",\"position\":4,\"name\":\"Dispositivos para laparoscopia\",\"item\":\"https:\/\/www.gemitaly.it\/es\/productos\/dispositivos-de-aplicacion\/dispositivos-para-laparoscopia\/\"},{\"@type\":\"ListItem\",\"position\":5,\"name\":\"Cat\u00e9ter de liberaci\u00f3n manual laparosc\u00f3pica\"}]},{\"@type\":\"WebSite\",\"@id\":\"https:\/\/www.gemitaly.it\/#website\",\"url\":\"https:\/\/www.gemitaly.it\/\",\"name\":\"GEM Italy\",\"description\":\"Synthetic Surgical Glues\",\"publisher\":{\"@id\":\"https:\/\/www.gemitaly.it\/#organization\"},\"potentialAction\":[{\"@type\":\"SearchAction\",\"target\":{\"@type\":\"EntryPoint\",\"urlTemplate\":\"https:\/\/www.gemitaly.it\/?s={search_term_string}\"},\"query-input\":{\"@type\":\"PropertyValueSpecification\",\"valueRequired\":true,\"valueName\":\"search_term_string\"}}],\"inLanguage\":\"es\"},{\"@type\":\"Organization\",\"@id\":\"https:\/\/www.gemitaly.it\/#organization\",\"name\":\"GEM Italy\",\"url\":\"https:\/\/www.gemitaly.it\/\",\"logo\":{\"@type\":\"ImageObject\",\"inLanguage\":\"es\",\"@id\":\"https:\/\/www.gemitaly.it\/#\/schema\/logo\/image\/\",\"url\":\"https:\/\/www.gemitaly.it\/wp-content\/uploads\/2024\/06\/icona-APP-GEM.png\",\"contentUrl\":\"https:\/\/www.gemitaly.it\/wp-content\/uploads\/2024\/06\/icona-APP-GEM.png\",\"width\":482,\"height\":520,\"caption\":\"GEM Italy\"},\"image\":{\"@id\":\"https:\/\/www.gemitaly.it\/#\/schema\/logo\/image\/\"},\"sameAs\":[\"https:\/\/www.facebook.com\/gemitaly\",\"https:\/\/www.linkedin.com\/company\/gem-s-r-l\/\"]}]}<\/script>\n<!-- \/ Yoast SEO plugin. -->","yoast_head_json":{"title":"Cat\u00e9ter de liberaci\u00f3n manual laparosc\u00f3pica - GEM Italy","robots":{"index":"index","follow":"follow","max-snippet":"max-snippet:-1","max-image-preview":"max-image-preview:large","max-video-preview":"max-video-preview:-1"},"canonical":"https:\/\/www.gemitaly.it\/es\/productos\/dispositivos-de-aplicacion\/dispositivos-para-laparoscopia\/cateter-para-laparoscopia\/","og_locale":"es_ES","og_type":"article","og_title":"Cat\u00e9ter de liberaci\u00f3n manual laparosc\u00f3pica - GEM Italy","og_url":"https:\/\/www.gemitaly.it\/es\/productos\/dispositivos-de-aplicacion\/dispositivos-para-laparoscopia\/cateter-para-laparoscopia\/","og_site_name":"GEM Italy","article_publisher":"https:\/\/www.facebook.com\/gemitaly","article_modified_time":"2019-04-07T15:28:48+00:00","og_image":[{"width":800,"height":186,"url":"https:\/\/www.gemitaly.it\/wp-content\/uploads\/2016\/09\/prod_catetere_800.jpg","type":"image\/jpeg"}],"twitter_card":"summary_large_image","twitter_misc":{"Tiempo de lectura":"1 minuto"},"schema":{"@context":"https:\/\/schema.org","@graph":[{"@type":"WebPage","@id":"https:\/\/www.gemitaly.it\/es\/productos\/dispositivos-de-aplicacion\/dispositivos-para-laparoscopia\/cateter-para-laparoscopia\/","url":"https:\/\/www.gemitaly.it\/es\/productos\/dispositivos-de-aplicacion\/dispositivos-para-laparoscopia\/cateter-para-laparoscopia\/","name":"Cat\u00e9ter de liberaci\u00f3n manual laparosc\u00f3pica - GEM Italy","isPartOf":{"@id":"https:\/\/www.gemitaly.it\/#website"},"primaryImageOfPage":{"@id":"https:\/\/www.gemitaly.it\/es\/productos\/dispositivos-de-aplicacion\/dispositivos-para-laparoscopia\/cateter-para-laparoscopia\/#primaryimage"},"image":{"@id":"https:\/\/www.gemitaly.it\/es\/productos\/dispositivos-de-aplicacion\/dispositivos-para-laparoscopia\/cateter-para-laparoscopia\/#primaryimage"},"thumbnailUrl":"https:\/\/www.gemitaly.it\/wp-content\/uploads\/2016\/09\/prod_catetere_800.jpg","datePublished":"2016-09-22T17:30:40+00:00","dateModified":"2019-04-07T15:28:48+00:00","breadcrumb":{"@id":"https:\/\/www.gemitaly.it\/es\/productos\/dispositivos-de-aplicacion\/dispositivos-para-laparoscopia\/cateter-para-laparoscopia\/#breadcrumb"},"inLanguage":"es","potentialAction":[{"@type":"ReadAction","target":["https:\/\/www.gemitaly.it\/es\/productos\/dispositivos-de-aplicacion\/dispositivos-para-laparoscopia\/cateter-para-laparoscopia\/"]}]},{"@type":"ImageObject","inLanguage":"es","@id":"https:\/\/www.gemitaly.it\/es\/productos\/dispositivos-de-aplicacion\/dispositivos-para-laparoscopia\/cateter-para-laparoscopia\/#primaryimage","url":"https:\/\/www.gemitaly.it\/wp-content\/uploads\/2016\/09\/prod_catetere_800.jpg","contentUrl":"https:\/\/www.gemitaly.it\/wp-content\/uploads\/2016\/09\/prod_catetere_800.jpg"},{"@type":"BreadcrumbList","@id":"https:\/\/www.gemitaly.it\/es\/productos\/dispositivos-de-aplicacion\/dispositivos-para-laparoscopia\/cateter-para-laparoscopia\/#breadcrumb","itemListElement":[{"@type":"ListItem","position":1,"name":"Home","item":"https:\/\/www.gemitaly.it\/es\/home\/"},{"@type":"ListItem","position":2,"name":"Productos","item":"https:\/\/www.gemitaly.it\/es\/productos\/"},{"@type":"ListItem","position":3,"name":"Dispositivos de aplicaci\u00f3n","item":"https:\/\/www.gemitaly.it\/es\/productos\/dispositivos-de-aplicacion\/"},{"@type":"ListItem","position":4,"name":"Dispositivos para laparoscopia","item":"https:\/\/www.gemitaly.it\/es\/productos\/dispositivos-de-aplicacion\/dispositivos-para-laparoscopia\/"},{"@type":"ListItem","position":5,"name":"Cat\u00e9ter de liberaci\u00f3n manual laparosc\u00f3pica"}]},{"@type":"WebSite","@id":"https:\/\/www.gemitaly.it\/#website","url":"https:\/\/www.gemitaly.it\/","name":"GEM Italy","description":"Synthetic Surgical Glues","publisher":{"@id":"https:\/\/www.gemitaly.it\/#organization"},"potentialAction":[{"@type":"SearchAction","target":{"@type":"EntryPoint","urlTemplate":"https:\/\/www.gemitaly.it\/?s={search_term_string}"},"query-input":{"@type":"PropertyValueSpecification","valueRequired":true,"valueName":"search_term_string"}}],"inLanguage":"es"},{"@type":"Organization","@id":"https:\/\/www.gemitaly.it\/#organization","name":"GEM Italy","url":"https:\/\/www.gemitaly.it\/","logo":{"@type":"ImageObject","inLanguage":"es","@id":"https:\/\/www.gemitaly.it\/#\/schema\/logo\/image\/","url":"https:\/\/www.gemitaly.it\/wp-content\/uploads\/2024\/06\/icona-APP-GEM.png","contentUrl":"https:\/\/www.gemitaly.it\/wp-content\/uploads\/2024\/06\/icona-APP-GEM.png","width":482,"height":520,"caption":"GEM Italy"},"image":{"@id":"https:\/\/www.gemitaly.it\/#\/schema\/logo\/image\/"},"sameAs":["https:\/\/www.facebook.com\/gemitaly","https:\/\/www.linkedin.com\/company\/gem-s-r-l\/"]}]}},"_links":{"self":[{"href":"https:\/\/www.gemitaly.it\/es\/wp-json\/wp\/v2\/pages\/2252","targetHints":{"allow":["GET"]}}],"collection":[{"href":"https:\/\/www.gemitaly.it\/es\/wp-json\/wp\/v2\/pages"}],"about":[{"href":"https:\/\/www.gemitaly.it\/es\/wp-json\/wp\/v2\/types\/page"}],"author":[{"embeddable":true,"href":"https:\/\/www.gemitaly.it\/es\/wp-json\/wp\/v2\/users\/1"}],"replies":[{"embeddable":true,"href":"https:\/\/www.gemitaly.it\/es\/wp-json\/wp\/v2\/comments?post=2252"}],"version-history":[{"count":3,"href":"https:\/\/www.gemitaly.it\/es\/wp-json\/wp\/v2\/pages\/2252\/revisions"}],"predecessor-version":[{"id":4919,"href":"https:\/\/www.gemitaly.it\/es\/wp-json\/wp\/v2\/pages\/2252\/revisions\/4919"}],"up":[{"embeddable":true,"href":"https:\/\/www.gemitaly.it\/es\/wp-json\/wp\/v2\/pages\/2218"}],"wp:attachment":[{"href":"https:\/\/www.gemitaly.it\/es\/wp-json\/wp\/v2\/media?parent=2252"}],"curies":[{"name":"wp","href":"https:\/\/api.w.org\/{rel}","templated":true}]}}