{"id":2264,"date":"2016-10-23T17:12:19","date_gmt":"2016-10-23T15:12:19","guid":{"rendered":"https:\/\/www.gemitaly.it\/prodotti\/dispositivos-de-aplicacion\/dispositivos-para-laparotomia\/nebulizzatore-short-small\/"},"modified":"2020-06-06T16:51:19","modified_gmt":"2020-06-06T14:51:19","slug":"nebulizador-corto-small","status":"publish","type":"page","link":"https:\/\/www.gemitaly.it\/es\/productos\/dispositivos-de-aplicacion\/dispositivos-para-laparotomia\/nebulizador-corto-small\/","title":{"rendered":"Nebulizador Corto small"},"content":{"rendered":"<p><img loading=\"lazy\" decoding=\"async\" class=\"alignnone wp-image-6350 size-full\" src=\"https:\/\/www.gemitaly.it\/wp-content\/uploads\/2016\/10\/gem_G2-NBT-SM-SHORT_2020_w800.jpg\" alt=\"\" width=\"800\" height=\"451\" srcset=\"https:\/\/www.gemitaly.it\/wp-content\/uploads\/2016\/10\/gem_G2-NBT-SM-SHORT_2020_w800-200x113.jpg 200w, https:\/\/www.gemitaly.it\/wp-content\/uploads\/2016\/10\/gem_G2-NBT-SM-SHORT_2020_w800-400x226.jpg 400w, https:\/\/www.gemitaly.it\/wp-content\/uploads\/2016\/10\/gem_G2-NBT-SM-SHORT_2020_w800-532x300.jpg 532w, https:\/\/www.gemitaly.it\/wp-content\/uploads\/2016\/10\/gem_G2-NBT-SM-SHORT_2020_w800-600x338.jpg 600w, https:\/\/www.gemitaly.it\/wp-content\/uploads\/2016\/10\/gem_G2-NBT-SM-SHORT_2020_w800-768x433.jpg 768w, https:\/\/www.gemitaly.it\/wp-content\/uploads\/2016\/10\/gem_G2-NBT-SM-SHORT_2020_w800.jpg 800w\" sizes=\"auto, (max-width: 800px) 100vw, 800px\" \/><\/p>\n<p>El sistema permite aplicar la Cola Quir\u00fargica <strong class=\"gemblue\">Glubran 2<\/strong> en forma nebulizada en intervenciones quir\u00fargicas por v\u00eda laparot\u00f3mica y toracosc\u00f3pica.<\/p>\n","protected":false},"excerpt":{"rendered":"<p>El sistema permite aplicar la Cola Quir\u00fargica Glubran 2 en forma nebulizada en intervenciones quir\u00fargicas por v\u00eda laparot\u00f3mica y toracosc\u00f3pica.<\/p>\n","protected":false},"author":1,"featured_media":0,"parent":2192,"menu_order":2,"comment_status":"closed","ping_status":"closed","template":"page-product.php","meta":{"_acf_changed":false,"footnotes":""},"class_list":["post-2264","page","type-page","status-publish","hentry"],"acf":[],"yoast_head":"<!-- This site is optimized with the Yoast SEO plugin v27.2 - https:\/\/yoast.com\/product\/yoast-seo-wordpress\/ -->\n<title>Nebulizador Corto small - GEM Italy<\/title>\n<meta name=\"robots\" content=\"index, follow, max-snippet:-1, max-image-preview:large, max-video-preview:-1\" \/>\n<link rel=\"canonical\" href=\"https:\/\/www.gemitaly.it\/es\/productos\/dispositivos-de-aplicacion\/dispositivos-para-laparotomia\/nebulizador-corto-small\/\" \/>\n<meta property=\"og:locale\" content=\"es_ES\" \/>\n<meta property=\"og:type\" content=\"article\" \/>\n<meta property=\"og:title\" content=\"Nebulizador Corto small - GEM Italy\" \/>\n<meta property=\"og:description\" content=\"El sistema permite aplicar la Cola Quir\u00fargica Glubran 2 en forma nebulizada en intervenciones quir\u00fargicas por v\u00eda laparot\u00f3mica y toracosc\u00f3pica.\" \/>\n<meta property=\"og:url\" content=\"https:\/\/www.gemitaly.it\/es\/productos\/dispositivos-de-aplicacion\/dispositivos-para-laparotomia\/nebulizador-corto-small\/\" \/>\n<meta property=\"og:site_name\" content=\"GEM Italy\" \/>\n<meta property=\"article:publisher\" content=\"https:\/\/www.facebook.com\/gemitaly\" \/>\n<meta property=\"article:modified_time\" content=\"2020-06-06T14:51:19+00:00\" \/>\n<meta property=\"og:image\" content=\"https:\/\/www.gemitaly.it\/wp-content\/uploads\/2016\/10\/gem_G2-NBT-SM-SHORT_2020_w800.jpg\" \/>\n\t<meta property=\"og:image:width\" content=\"800\" \/>\n\t<meta property=\"og:image:height\" content=\"451\" \/>\n\t<meta property=\"og:image:type\" content=\"image\/jpeg\" \/>\n<meta name=\"twitter:card\" content=\"summary_large_image\" \/>\n<script type=\"application\/ld+json\" class=\"yoast-schema-graph\">{\"@context\":\"https:\/\/schema.org\",\"@graph\":[{\"@type\":\"WebPage\",\"@id\":\"https:\/\/www.gemitaly.it\/es\/productos\/dispositivos-de-aplicacion\/dispositivos-para-laparotomia\/nebulizador-corto-small\/\",\"url\":\"https:\/\/www.gemitaly.it\/es\/productos\/dispositivos-de-aplicacion\/dispositivos-para-laparotomia\/nebulizador-corto-small\/\",\"name\":\"Nebulizador Corto small - GEM Italy\",\"isPartOf\":{\"@id\":\"https:\/\/www.gemitaly.it\/#website\"},\"primaryImageOfPage\":{\"@id\":\"https:\/\/www.gemitaly.it\/es\/productos\/dispositivos-de-aplicacion\/dispositivos-para-laparotomia\/nebulizador-corto-small\/#primaryimage\"},\"image\":{\"@id\":\"https:\/\/www.gemitaly.it\/es\/productos\/dispositivos-de-aplicacion\/dispositivos-para-laparotomia\/nebulizador-corto-small\/#primaryimage\"},\"thumbnailUrl\":\"https:\/\/www.gemitaly.it\/wp-content\/uploads\/2016\/10\/gem_G2-NBT-SM-SHORT_2020_w800.jpg\",\"datePublished\":\"2016-10-23T15:12:19+00:00\",\"dateModified\":\"2020-06-06T14:51:19+00:00\",\"breadcrumb\":{\"@id\":\"https:\/\/www.gemitaly.it\/es\/productos\/dispositivos-de-aplicacion\/dispositivos-para-laparotomia\/nebulizador-corto-small\/#breadcrumb\"},\"inLanguage\":\"es\",\"potentialAction\":[{\"@type\":\"ReadAction\",\"target\":[\"https:\/\/www.gemitaly.it\/es\/productos\/dispositivos-de-aplicacion\/dispositivos-para-laparotomia\/nebulizador-corto-small\/\"]}]},{\"@type\":\"ImageObject\",\"inLanguage\":\"es\",\"@id\":\"https:\/\/www.gemitaly.it\/es\/productos\/dispositivos-de-aplicacion\/dispositivos-para-laparotomia\/nebulizador-corto-small\/#primaryimage\",\"url\":\"https:\/\/www.gemitaly.it\/wp-content\/uploads\/2016\/10\/gem_G2-NBT-SM-SHORT_2020_w800.jpg\",\"contentUrl\":\"https:\/\/www.gemitaly.it\/wp-content\/uploads\/2016\/10\/gem_G2-NBT-SM-SHORT_2020_w800.jpg\"},{\"@type\":\"BreadcrumbList\",\"@id\":\"https:\/\/www.gemitaly.it\/es\/productos\/dispositivos-de-aplicacion\/dispositivos-para-laparotomia\/nebulizador-corto-small\/#breadcrumb\",\"itemListElement\":[{\"@type\":\"ListItem\",\"position\":1,\"name\":\"Home\",\"item\":\"https:\/\/www.gemitaly.it\/es\/home\/\"},{\"@type\":\"ListItem\",\"position\":2,\"name\":\"Productos\",\"item\":\"https:\/\/www.gemitaly.it\/es\/productos\/\"},{\"@type\":\"ListItem\",\"position\":3,\"name\":\"Dispositivos de aplicaci\u00f3n\",\"item\":\"https:\/\/www.gemitaly.it\/es\/productos\/dispositivos-de-aplicacion\/\"},{\"@type\":\"ListItem\",\"position\":4,\"name\":\"Dispositivos para laparotomia\",\"item\":\"https:\/\/www.gemitaly.it\/es\/productos\/dispositivos-de-aplicacion\/dispositivos-para-laparotomia\/\"},{\"@type\":\"ListItem\",\"position\":5,\"name\":\"Nebulizador Corto small\"}]},{\"@type\":\"WebSite\",\"@id\":\"https:\/\/www.gemitaly.it\/#website\",\"url\":\"https:\/\/www.gemitaly.it\/\",\"name\":\"GEM Italy\",\"description\":\"Synthetic Surgical Glues\",\"publisher\":{\"@id\":\"https:\/\/www.gemitaly.it\/#organization\"},\"potentialAction\":[{\"@type\":\"SearchAction\",\"target\":{\"@type\":\"EntryPoint\",\"urlTemplate\":\"https:\/\/www.gemitaly.it\/?s={search_term_string}\"},\"query-input\":{\"@type\":\"PropertyValueSpecification\",\"valueRequired\":true,\"valueName\":\"search_term_string\"}}],\"inLanguage\":\"es\"},{\"@type\":\"Organization\",\"@id\":\"https:\/\/www.gemitaly.it\/#organization\",\"name\":\"GEM Italy\",\"url\":\"https:\/\/www.gemitaly.it\/\",\"logo\":{\"@type\":\"ImageObject\",\"inLanguage\":\"es\",\"@id\":\"https:\/\/www.gemitaly.it\/#\/schema\/logo\/image\/\",\"url\":\"https:\/\/www.gemitaly.it\/wp-content\/uploads\/2024\/06\/icona-APP-GEM.png\",\"contentUrl\":\"https:\/\/www.gemitaly.it\/wp-content\/uploads\/2024\/06\/icona-APP-GEM.png\",\"width\":482,\"height\":520,\"caption\":\"GEM Italy\"},\"image\":{\"@id\":\"https:\/\/www.gemitaly.it\/#\/schema\/logo\/image\/\"},\"sameAs\":[\"https:\/\/www.facebook.com\/gemitaly\",\"https:\/\/www.linkedin.com\/company\/gem-s-r-l\/\"]}]}<\/script>\n<!-- \/ Yoast SEO plugin. -->","yoast_head_json":{"title":"Nebulizador Corto small - GEM Italy","robots":{"index":"index","follow":"follow","max-snippet":"max-snippet:-1","max-image-preview":"max-image-preview:large","max-video-preview":"max-video-preview:-1"},"canonical":"https:\/\/www.gemitaly.it\/es\/productos\/dispositivos-de-aplicacion\/dispositivos-para-laparotomia\/nebulizador-corto-small\/","og_locale":"es_ES","og_type":"article","og_title":"Nebulizador Corto small - GEM Italy","og_description":"El sistema permite aplicar la Cola Quir\u00fargica Glubran 2 en forma nebulizada en intervenciones quir\u00fargicas por v\u00eda laparot\u00f3mica y toracosc\u00f3pica.","og_url":"https:\/\/www.gemitaly.it\/es\/productos\/dispositivos-de-aplicacion\/dispositivos-para-laparotomia\/nebulizador-corto-small\/","og_site_name":"GEM Italy","article_publisher":"https:\/\/www.facebook.com\/gemitaly","article_modified_time":"2020-06-06T14:51:19+00:00","og_image":[{"width":800,"height":451,"url":"https:\/\/www.gemitaly.it\/wp-content\/uploads\/2016\/10\/gem_G2-NBT-SM-SHORT_2020_w800.jpg","type":"image\/jpeg"}],"twitter_card":"summary_large_image","schema":{"@context":"https:\/\/schema.org","@graph":[{"@type":"WebPage","@id":"https:\/\/www.gemitaly.it\/es\/productos\/dispositivos-de-aplicacion\/dispositivos-para-laparotomia\/nebulizador-corto-small\/","url":"https:\/\/www.gemitaly.it\/es\/productos\/dispositivos-de-aplicacion\/dispositivos-para-laparotomia\/nebulizador-corto-small\/","name":"Nebulizador Corto small - GEM Italy","isPartOf":{"@id":"https:\/\/www.gemitaly.it\/#website"},"primaryImageOfPage":{"@id":"https:\/\/www.gemitaly.it\/es\/productos\/dispositivos-de-aplicacion\/dispositivos-para-laparotomia\/nebulizador-corto-small\/#primaryimage"},"image":{"@id":"https:\/\/www.gemitaly.it\/es\/productos\/dispositivos-de-aplicacion\/dispositivos-para-laparotomia\/nebulizador-corto-small\/#primaryimage"},"thumbnailUrl":"https:\/\/www.gemitaly.it\/wp-content\/uploads\/2016\/10\/gem_G2-NBT-SM-SHORT_2020_w800.jpg","datePublished":"2016-10-23T15:12:19+00:00","dateModified":"2020-06-06T14:51:19+00:00","breadcrumb":{"@id":"https:\/\/www.gemitaly.it\/es\/productos\/dispositivos-de-aplicacion\/dispositivos-para-laparotomia\/nebulizador-corto-small\/#breadcrumb"},"inLanguage":"es","potentialAction":[{"@type":"ReadAction","target":["https:\/\/www.gemitaly.it\/es\/productos\/dispositivos-de-aplicacion\/dispositivos-para-laparotomia\/nebulizador-corto-small\/"]}]},{"@type":"ImageObject","inLanguage":"es","@id":"https:\/\/www.gemitaly.it\/es\/productos\/dispositivos-de-aplicacion\/dispositivos-para-laparotomia\/nebulizador-corto-small\/#primaryimage","url":"https:\/\/www.gemitaly.it\/wp-content\/uploads\/2016\/10\/gem_G2-NBT-SM-SHORT_2020_w800.jpg","contentUrl":"https:\/\/www.gemitaly.it\/wp-content\/uploads\/2016\/10\/gem_G2-NBT-SM-SHORT_2020_w800.jpg"},{"@type":"BreadcrumbList","@id":"https:\/\/www.gemitaly.it\/es\/productos\/dispositivos-de-aplicacion\/dispositivos-para-laparotomia\/nebulizador-corto-small\/#breadcrumb","itemListElement":[{"@type":"ListItem","position":1,"name":"Home","item":"https:\/\/www.gemitaly.it\/es\/home\/"},{"@type":"ListItem","position":2,"name":"Productos","item":"https:\/\/www.gemitaly.it\/es\/productos\/"},{"@type":"ListItem","position":3,"name":"Dispositivos de aplicaci\u00f3n","item":"https:\/\/www.gemitaly.it\/es\/productos\/dispositivos-de-aplicacion\/"},{"@type":"ListItem","position":4,"name":"Dispositivos para laparotomia","item":"https:\/\/www.gemitaly.it\/es\/productos\/dispositivos-de-aplicacion\/dispositivos-para-laparotomia\/"},{"@type":"ListItem","position":5,"name":"Nebulizador Corto small"}]},{"@type":"WebSite","@id":"https:\/\/www.gemitaly.it\/#website","url":"https:\/\/www.gemitaly.it\/","name":"GEM Italy","description":"Synthetic Surgical Glues","publisher":{"@id":"https:\/\/www.gemitaly.it\/#organization"},"potentialAction":[{"@type":"SearchAction","target":{"@type":"EntryPoint","urlTemplate":"https:\/\/www.gemitaly.it\/?s={search_term_string}"},"query-input":{"@type":"PropertyValueSpecification","valueRequired":true,"valueName":"search_term_string"}}],"inLanguage":"es"},{"@type":"Organization","@id":"https:\/\/www.gemitaly.it\/#organization","name":"GEM Italy","url":"https:\/\/www.gemitaly.it\/","logo":{"@type":"ImageObject","inLanguage":"es","@id":"https:\/\/www.gemitaly.it\/#\/schema\/logo\/image\/","url":"https:\/\/www.gemitaly.it\/wp-content\/uploads\/2024\/06\/icona-APP-GEM.png","contentUrl":"https:\/\/www.gemitaly.it\/wp-content\/uploads\/2024\/06\/icona-APP-GEM.png","width":482,"height":520,"caption":"GEM Italy"},"image":{"@id":"https:\/\/www.gemitaly.it\/#\/schema\/logo\/image\/"},"sameAs":["https:\/\/www.facebook.com\/gemitaly","https:\/\/www.linkedin.com\/company\/gem-s-r-l\/"]}]}},"_links":{"self":[{"href":"https:\/\/www.gemitaly.it\/es\/wp-json\/wp\/v2\/pages\/2264","targetHints":{"allow":["GET"]}}],"collection":[{"href":"https:\/\/www.gemitaly.it\/es\/wp-json\/wp\/v2\/pages"}],"about":[{"href":"https:\/\/www.gemitaly.it\/es\/wp-json\/wp\/v2\/types\/page"}],"author":[{"embeddable":true,"href":"https:\/\/www.gemitaly.it\/es\/wp-json\/wp\/v2\/users\/1"}],"replies":[{"embeddable":true,"href":"https:\/\/www.gemitaly.it\/es\/wp-json\/wp\/v2\/comments?post=2264"}],"version-history":[{"count":4,"href":"https:\/\/www.gemitaly.it\/es\/wp-json\/wp\/v2\/pages\/2264\/revisions"}],"predecessor-version":[{"id":6362,"href":"https:\/\/www.gemitaly.it\/es\/wp-json\/wp\/v2\/pages\/2264\/revisions\/6362"}],"up":[{"embeddable":true,"href":"https:\/\/www.gemitaly.it\/es\/wp-json\/wp\/v2\/pages\/2192"}],"wp:attachment":[{"href":"https:\/\/www.gemitaly.it\/es\/wp-json\/wp\/v2\/media?parent=2264"}],"curies":[{"name":"wp","href":"https:\/\/api.w.org\/{rel}","templated":true}]}}