{"id":4556,"date":"2019-01-03T16:03:11","date_gmt":"2019-01-03T15:03:11","guid":{"rendered":"https:\/\/www.gemitaly.it\/productos\/glutack\/"},"modified":"2021-01-11T15:46:46","modified_gmt":"2021-01-11T14:46:46","slug":"glutack","status":"publish","type":"page","link":"https:\/\/www.gemitaly.it\/es\/productos\/glutack\/","title":{"rendered":"Glutack"},"content":{"rendered":"<div class=\"fusion-fullwidth fullwidth-box fusion-builder-row-1 nonhundred-percent-fullwidth non-hundred-percent-height-scrolling\" style=\"--awb-border-radius-top-left:0px;--awb-border-radius-top-right:0px;--awb-border-radius-bottom-right:0px;--awb-border-radius-bottom-left:0px;--awb-flex-wrap:wrap;\" ><div class=\"fusion-builder-row fusion-row\"><div class=\"fusion-layout-column fusion_builder_column fusion-builder-column-0 fusion_builder_column_1_1 1_1 fusion-one-full fusion-column-first fusion-column-last\" style=\"--awb-bg-size:cover;--awb-margin-bottom:0px;\"><div class=\"fusion-column-wrapper fusion-flex-column-wrapper-legacy\"><div class=\"fusion-text fusion-text-1\"><h3><b>Cat\u00e9ter para la fijaci\u00f3n atraum\u00e1tica de pr\u00f3tesis herniarias<\/b><\/h3>\n<p><img loading=\"lazy\" decoding=\"async\" class=\"alignnone size-medium wp-image-4533\" src=\"https:\/\/www.gemitaly.it\/wp-content\/uploads\/2019\/01\/Glutack_720px-640x170.png\" alt=\"\" width=\"640\" height=\"170\" srcset=\"https:\/\/www.gemitaly.it\/wp-content\/uploads\/2019\/01\/Glutack_720px-200x53.png 200w, https:\/\/www.gemitaly.it\/wp-content\/uploads\/2019\/01\/Glutack_720px-400x106.png 400w, https:\/\/www.gemitaly.it\/wp-content\/uploads\/2019\/01\/Glutack_720px-600x159.png 600w, https:\/\/www.gemitaly.it\/wp-content\/uploads\/2019\/01\/Glutack_720px-640x170.png 640w, https:\/\/www.gemitaly.it\/wp-content\/uploads\/2019\/01\/Glutack_720px.png 720w\" sizes=\"auto, (max-width: 640px) 100vw, 640px\" \/><\/p>\n<h2 style=\"text-align: center;\">Coming soon<\/h2>\n<\/div><div class=\"fusion-video fusion-youtube fusion-aligncenter\" style=\"--awb-max-width:600px;--awb-max-height:360px;--awb-width:100%;\" data-autoplay=\"1\"><div class=\"video-shortcode\"><div class=\"fluid-width-video-wrapper\" style=\"padding-top:60%;\" ><iframe title=\"YouTube video player 1\" src=\"https:\/\/www.youtube.com\/embed\/m-xy-uQI_Io?wmode=transparent&autoplay=0\" width=\"600\" height=\"360\" allowfullscreen allow=\"autoplay; clipboard-write; encrypted-media; gyroscope; picture-in-picture;\"><\/iframe><\/div><\/div><\/div><div class=\"fusion-clearfix\"><\/div><\/div><\/div><\/div><\/div>\n","protected":false},"excerpt":{"rendered":"","protected":false},"author":109,"featured_media":0,"parent":954,"menu_order":30,"comment_status":"closed","ping_status":"closed","template":"","meta":{"_acf_changed":false,"footnotes":""},"class_list":["post-4556","page","type-page","status-publish","hentry"],"acf":[],"yoast_head":"<!-- This site is optimized with the Yoast SEO plugin v27.4 - https:\/\/yoast.com\/product\/yoast-seo-wordpress\/ -->\n<title>Glutack - GEM Italy<\/title>\n<meta name=\"robots\" content=\"index, follow, max-snippet:-1, max-image-preview:large, max-video-preview:-1\" \/>\n<link rel=\"canonical\" href=\"https:\/\/www.gemitaly.it\/es\/productos\/glutack\/\" \/>\n<meta property=\"og:locale\" content=\"es_ES\" \/>\n<meta property=\"og:type\" content=\"article\" \/>\n<meta property=\"og:title\" content=\"Glutack - GEM Italy\" \/>\n<meta property=\"og:url\" content=\"https:\/\/www.gemitaly.it\/es\/productos\/glutack\/\" \/>\n<meta property=\"og:site_name\" content=\"GEM Italy\" \/>\n<meta property=\"article:publisher\" content=\"https:\/\/www.facebook.com\/gemitaly\" \/>\n<meta property=\"article:modified_time\" content=\"2021-01-11T14:46:46+00:00\" \/>\n<meta property=\"og:image\" content=\"https:\/\/www.gemitaly.it\/wp-content\/uploads\/2019\/01\/Glutack_720px.png\" \/>\n\t<meta property=\"og:image:width\" content=\"720\" \/>\n\t<meta property=\"og:image:height\" content=\"191\" \/>\n\t<meta property=\"og:image:type\" content=\"image\/png\" \/>\n<meta name=\"twitter:card\" content=\"summary_large_image\" \/>\n<meta name=\"twitter:label1\" content=\"Tiempo de lectura\" \/>\n\t<meta name=\"twitter:data1\" content=\"1 minuto\" \/>\n<script type=\"application\/ld+json\" class=\"yoast-schema-graph\">{\"@context\":\"https:\\\/\\\/schema.org\",\"@graph\":[{\"@type\":\"WebPage\",\"@id\":\"https:\\\/\\\/www.gemitaly.it\\\/es\\\/productos\\\/glutack\\\/\",\"url\":\"https:\\\/\\\/www.gemitaly.it\\\/es\\\/productos\\\/glutack\\\/\",\"name\":\"Glutack - GEM Italy\",\"isPartOf\":{\"@id\":\"https:\\\/\\\/www.gemitaly.it\\\/#website\"},\"primaryImageOfPage\":{\"@id\":\"https:\\\/\\\/www.gemitaly.it\\\/es\\\/productos\\\/glutack\\\/#primaryimage\"},\"image\":{\"@id\":\"https:\\\/\\\/www.gemitaly.it\\\/es\\\/productos\\\/glutack\\\/#primaryimage\"},\"thumbnailUrl\":\"https:\\\/\\\/www.gemitaly.it\\\/wp-content\\\/uploads\\\/2019\\\/01\\\/Glutack_720px-640x170.png\",\"datePublished\":\"2019-01-03T15:03:11+00:00\",\"dateModified\":\"2021-01-11T14:46:46+00:00\",\"breadcrumb\":{\"@id\":\"https:\\\/\\\/www.gemitaly.it\\\/es\\\/productos\\\/glutack\\\/#breadcrumb\"},\"inLanguage\":\"es\",\"potentialAction\":[{\"@type\":\"ReadAction\",\"target\":[\"https:\\\/\\\/www.gemitaly.it\\\/es\\\/productos\\\/glutack\\\/\"]}]},{\"@type\":\"ImageObject\",\"inLanguage\":\"es\",\"@id\":\"https:\\\/\\\/www.gemitaly.it\\\/es\\\/productos\\\/glutack\\\/#primaryimage\",\"url\":\"https:\\\/\\\/www.gemitaly.it\\\/wp-content\\\/uploads\\\/2019\\\/01\\\/Glutack_720px-640x170.png\",\"contentUrl\":\"https:\\\/\\\/www.gemitaly.it\\\/wp-content\\\/uploads\\\/2019\\\/01\\\/Glutack_720px-640x170.png\"},{\"@type\":\"BreadcrumbList\",\"@id\":\"https:\\\/\\\/www.gemitaly.it\\\/es\\\/productos\\\/glutack\\\/#breadcrumb\",\"itemListElement\":[{\"@type\":\"ListItem\",\"position\":1,\"name\":\"Home\",\"item\":\"https:\\\/\\\/www.gemitaly.it\\\/es\\\/home\\\/\"},{\"@type\":\"ListItem\",\"position\":2,\"name\":\"Productos\",\"item\":\"https:\\\/\\\/www.gemitaly.it\\\/es\\\/productos\\\/\"},{\"@type\":\"ListItem\",\"position\":3,\"name\":\"Glutack\"}]},{\"@type\":\"WebSite\",\"@id\":\"https:\\\/\\\/www.gemitaly.it\\\/#website\",\"url\":\"https:\\\/\\\/www.gemitaly.it\\\/\",\"name\":\"GEM Italy\",\"description\":\"Synthetic Surgical Glues\",\"publisher\":{\"@id\":\"https:\\\/\\\/www.gemitaly.it\\\/#organization\"},\"potentialAction\":[{\"@type\":\"SearchAction\",\"target\":{\"@type\":\"EntryPoint\",\"urlTemplate\":\"https:\\\/\\\/www.gemitaly.it\\\/?s={search_term_string}\"},\"query-input\":{\"@type\":\"PropertyValueSpecification\",\"valueRequired\":true,\"valueName\":\"search_term_string\"}}],\"inLanguage\":\"es\"},{\"@type\":\"Organization\",\"@id\":\"https:\\\/\\\/www.gemitaly.it\\\/#organization\",\"name\":\"GEM Italy\",\"url\":\"https:\\\/\\\/www.gemitaly.it\\\/\",\"logo\":{\"@type\":\"ImageObject\",\"inLanguage\":\"es\",\"@id\":\"https:\\\/\\\/www.gemitaly.it\\\/#\\\/schema\\\/logo\\\/image\\\/\",\"url\":\"https:\\\/\\\/www.gemitaly.it\\\/wp-content\\\/uploads\\\/2024\\\/06\\\/icona-APP-GEM.png\",\"contentUrl\":\"https:\\\/\\\/www.gemitaly.it\\\/wp-content\\\/uploads\\\/2024\\\/06\\\/icona-APP-GEM.png\",\"width\":482,\"height\":520,\"caption\":\"GEM Italy\"},\"image\":{\"@id\":\"https:\\\/\\\/www.gemitaly.it\\\/#\\\/schema\\\/logo\\\/image\\\/\"},\"sameAs\":[\"https:\\\/\\\/www.facebook.com\\\/gemitaly\",\"https:\\\/\\\/www.linkedin.com\\\/company\\\/gem-s-r-l\\\/\"]}]}<\/script>\n<!-- \/ Yoast SEO plugin. -->","yoast_head_json":{"title":"Glutack - GEM Italy","robots":{"index":"index","follow":"follow","max-snippet":"max-snippet:-1","max-image-preview":"max-image-preview:large","max-video-preview":"max-video-preview:-1"},"canonical":"https:\/\/www.gemitaly.it\/es\/productos\/glutack\/","og_locale":"es_ES","og_type":"article","og_title":"Glutack - GEM Italy","og_url":"https:\/\/www.gemitaly.it\/es\/productos\/glutack\/","og_site_name":"GEM Italy","article_publisher":"https:\/\/www.facebook.com\/gemitaly","article_modified_time":"2021-01-11T14:46:46+00:00","og_image":[{"width":720,"height":191,"url":"https:\/\/www.gemitaly.it\/wp-content\/uploads\/2019\/01\/Glutack_720px.png","type":"image\/png"}],"twitter_card":"summary_large_image","twitter_misc":{"Tiempo de lectura":"1 minuto"},"schema":{"@context":"https:\/\/schema.org","@graph":[{"@type":"WebPage","@id":"https:\/\/www.gemitaly.it\/es\/productos\/glutack\/","url":"https:\/\/www.gemitaly.it\/es\/productos\/glutack\/","name":"Glutack - GEM Italy","isPartOf":{"@id":"https:\/\/www.gemitaly.it\/#website"},"primaryImageOfPage":{"@id":"https:\/\/www.gemitaly.it\/es\/productos\/glutack\/#primaryimage"},"image":{"@id":"https:\/\/www.gemitaly.it\/es\/productos\/glutack\/#primaryimage"},"thumbnailUrl":"https:\/\/www.gemitaly.it\/wp-content\/uploads\/2019\/01\/Glutack_720px-640x170.png","datePublished":"2019-01-03T15:03:11+00:00","dateModified":"2021-01-11T14:46:46+00:00","breadcrumb":{"@id":"https:\/\/www.gemitaly.it\/es\/productos\/glutack\/#breadcrumb"},"inLanguage":"es","potentialAction":[{"@type":"ReadAction","target":["https:\/\/www.gemitaly.it\/es\/productos\/glutack\/"]}]},{"@type":"ImageObject","inLanguage":"es","@id":"https:\/\/www.gemitaly.it\/es\/productos\/glutack\/#primaryimage","url":"https:\/\/www.gemitaly.it\/wp-content\/uploads\/2019\/01\/Glutack_720px-640x170.png","contentUrl":"https:\/\/www.gemitaly.it\/wp-content\/uploads\/2019\/01\/Glutack_720px-640x170.png"},{"@type":"BreadcrumbList","@id":"https:\/\/www.gemitaly.it\/es\/productos\/glutack\/#breadcrumb","itemListElement":[{"@type":"ListItem","position":1,"name":"Home","item":"https:\/\/www.gemitaly.it\/es\/home\/"},{"@type":"ListItem","position":2,"name":"Productos","item":"https:\/\/www.gemitaly.it\/es\/productos\/"},{"@type":"ListItem","position":3,"name":"Glutack"}]},{"@type":"WebSite","@id":"https:\/\/www.gemitaly.it\/#website","url":"https:\/\/www.gemitaly.it\/","name":"GEM Italy","description":"Synthetic Surgical Glues","publisher":{"@id":"https:\/\/www.gemitaly.it\/#organization"},"potentialAction":[{"@type":"SearchAction","target":{"@type":"EntryPoint","urlTemplate":"https:\/\/www.gemitaly.it\/?s={search_term_string}"},"query-input":{"@type":"PropertyValueSpecification","valueRequired":true,"valueName":"search_term_string"}}],"inLanguage":"es"},{"@type":"Organization","@id":"https:\/\/www.gemitaly.it\/#organization","name":"GEM Italy","url":"https:\/\/www.gemitaly.it\/","logo":{"@type":"ImageObject","inLanguage":"es","@id":"https:\/\/www.gemitaly.it\/#\/schema\/logo\/image\/","url":"https:\/\/www.gemitaly.it\/wp-content\/uploads\/2024\/06\/icona-APP-GEM.png","contentUrl":"https:\/\/www.gemitaly.it\/wp-content\/uploads\/2024\/06\/icona-APP-GEM.png","width":482,"height":520,"caption":"GEM Italy"},"image":{"@id":"https:\/\/www.gemitaly.it\/#\/schema\/logo\/image\/"},"sameAs":["https:\/\/www.facebook.com\/gemitaly","https:\/\/www.linkedin.com\/company\/gem-s-r-l\/"]}]}},"_links":{"self":[{"href":"https:\/\/www.gemitaly.it\/es\/wp-json\/wp\/v2\/pages\/4556","targetHints":{"allow":["GET"]}}],"collection":[{"href":"https:\/\/www.gemitaly.it\/es\/wp-json\/wp\/v2\/pages"}],"about":[{"href":"https:\/\/www.gemitaly.it\/es\/wp-json\/wp\/v2\/types\/page"}],"author":[{"embeddable":true,"href":"https:\/\/www.gemitaly.it\/es\/wp-json\/wp\/v2\/users\/109"}],"replies":[{"embeddable":true,"href":"https:\/\/www.gemitaly.it\/es\/wp-json\/wp\/v2\/comments?post=4556"}],"version-history":[{"count":2,"href":"https:\/\/www.gemitaly.it\/es\/wp-json\/wp\/v2\/pages\/4556\/revisions"}],"predecessor-version":[{"id":7448,"href":"https:\/\/www.gemitaly.it\/es\/wp-json\/wp\/v2\/pages\/4556\/revisions\/7448"}],"up":[{"embeddable":true,"href":"https:\/\/www.gemitaly.it\/es\/wp-json\/wp\/v2\/pages\/954"}],"wp:attachment":[{"href":"https:\/\/www.gemitaly.it\/es\/wp-json\/wp\/v2\/media?parent=4556"}],"curies":[{"name":"wp","href":"https:\/\/api.w.org\/{rel}","templated":true}]}}