{"id":996,"date":"2016-09-22T19:33:00","date_gmt":"2016-09-22T17:33:00","guid":{"rendered":"https:\/\/www.gemitaly.it\/es\/?page_id=996"},"modified":"2016-10-13T20:25:59","modified_gmt":"2016-10-13T18:25:59","slug":"punta-aplicadora","status":"publish","type":"page","link":"https:\/\/www.gemitaly.it\/es\/productos\/dispositivos-de-aplicacion\/dispositivos-para-laparotomia\/punta-aplicadora\/","title":{"rendered":"Punta aplicadora"},"content":{"rendered":"<p>Dispositivo monouso que permite aplicar las colas <strong class=\"gemblue\">GLUBRAN <\/strong>en modo t\u00f3pico, tanto durante intervenciones quir\u00fargicas como durante la curaci\u00f3n de heridas cut\u00e1neas traum\u00e1ticas y atraum\u00e1ticas.<\/p>\n<p>Se acopla directamente a la ampolla de cola y se utiliza como un pincel para una aplicaci\u00f3n precisa y localizada de las colas\u00a0<strong class=\"gemblue\">GLUBRAN<\/strong>.<\/p>\n","protected":false},"excerpt":{"rendered":"<p>Dispositivo monouso que permite aplicar las colas GLUBRAN en modo t\u00f3pico, tanto durante intervenciones quir\u00fargicas como durante la curaci\u00f3n de heridas cut\u00e1neas traum\u00e1ticas y atraum\u00e1ticas. Se acopla directamente a la ampolla de cola y se utiliza como un pincel para una aplicaci\u00f3n precisa y localizada de las colas\u00a0GLUBRAN.<\/p>\n","protected":false},"author":1,"featured_media":0,"parent":2192,"menu_order":4,"comment_status":"closed","ping_status":"closed","template":"page-product.php","meta":{"_acf_changed":false,"footnotes":""},"class_list":["post-996","page","type-page","status-publish","hentry"],"acf":[],"yoast_head":"<!-- This site is optimized with the Yoast SEO plugin v27.4 - https:\/\/yoast.com\/product\/yoast-seo-wordpress\/ -->\n<title>Punta aplicadora - GEM Italy<\/title>\n<meta name=\"robots\" content=\"index, follow, max-snippet:-1, max-image-preview:large, max-video-preview:-1\" \/>\n<link rel=\"canonical\" href=\"https:\/\/www.gemitaly.it\/es\/productos\/dispositivos-de-aplicacion\/dispositivos-para-laparotomia\/punta-aplicadora\/\" \/>\n<meta property=\"og:locale\" content=\"es_ES\" \/>\n<meta property=\"og:type\" content=\"article\" \/>\n<meta property=\"og:title\" content=\"Punta aplicadora - GEM Italy\" \/>\n<meta property=\"og:description\" content=\"Dispositivo monouso que permite aplicar las colas GLUBRAN en modo t\u00f3pico, tanto durante intervenciones quir\u00fargicas como durante la curaci\u00f3n de heridas cut\u00e1neas traum\u00e1ticas y atraum\u00e1ticas. Se acopla directamente a la ampolla de cola y se utiliza como un pincel para una aplicaci\u00f3n precisa y localizada de las colas\u00a0GLUBRAN.\" \/>\n<meta property=\"og:url\" content=\"https:\/\/www.gemitaly.it\/es\/productos\/dispositivos-de-aplicacion\/dispositivos-para-laparotomia\/punta-aplicadora\/\" \/>\n<meta property=\"og:site_name\" content=\"GEM Italy\" \/>\n<meta property=\"article:publisher\" content=\"https:\/\/www.facebook.com\/gemitaly\" \/>\n<meta property=\"article:modified_time\" content=\"2016-10-13T18:25:59+00:00\" \/>\n<meta name=\"twitter:card\" content=\"summary_large_image\" \/>\n<script type=\"application\/ld+json\" class=\"yoast-schema-graph\">{\"@context\":\"https:\\\/\\\/schema.org\",\"@graph\":[{\"@type\":\"WebPage\",\"@id\":\"https:\\\/\\\/www.gemitaly.it\\\/es\\\/productos\\\/dispositivos-de-aplicacion\\\/dispositivos-para-laparotomia\\\/punta-aplicadora\\\/\",\"url\":\"https:\\\/\\\/www.gemitaly.it\\\/es\\\/productos\\\/dispositivos-de-aplicacion\\\/dispositivos-para-laparotomia\\\/punta-aplicadora\\\/\",\"name\":\"Punta aplicadora - GEM Italy\",\"isPartOf\":{\"@id\":\"https:\\\/\\\/www.gemitaly.it\\\/#website\"},\"datePublished\":\"2016-09-22T17:33:00+00:00\",\"dateModified\":\"2016-10-13T18:25:59+00:00\",\"breadcrumb\":{\"@id\":\"https:\\\/\\\/www.gemitaly.it\\\/es\\\/productos\\\/dispositivos-de-aplicacion\\\/dispositivos-para-laparotomia\\\/punta-aplicadora\\\/#breadcrumb\"},\"inLanguage\":\"es\",\"potentialAction\":[{\"@type\":\"ReadAction\",\"target\":[\"https:\\\/\\\/www.gemitaly.it\\\/es\\\/productos\\\/dispositivos-de-aplicacion\\\/dispositivos-para-laparotomia\\\/punta-aplicadora\\\/\"]}]},{\"@type\":\"BreadcrumbList\",\"@id\":\"https:\\\/\\\/www.gemitaly.it\\\/es\\\/productos\\\/dispositivos-de-aplicacion\\\/dispositivos-para-laparotomia\\\/punta-aplicadora\\\/#breadcrumb\",\"itemListElement\":[{\"@type\":\"ListItem\",\"position\":1,\"name\":\"Home\",\"item\":\"https:\\\/\\\/www.gemitaly.it\\\/es\\\/home\\\/\"},{\"@type\":\"ListItem\",\"position\":2,\"name\":\"Productos\",\"item\":\"https:\\\/\\\/www.gemitaly.it\\\/es\\\/productos\\\/\"},{\"@type\":\"ListItem\",\"position\":3,\"name\":\"Dispositivos de aplicaci\u00f3n\",\"item\":\"https:\\\/\\\/www.gemitaly.it\\\/es\\\/productos\\\/dispositivos-de-aplicacion\\\/\"},{\"@type\":\"ListItem\",\"position\":4,\"name\":\"Dispositivos para laparotomia\",\"item\":\"https:\\\/\\\/www.gemitaly.it\\\/es\\\/productos\\\/dispositivos-de-aplicacion\\\/dispositivos-para-laparotomia\\\/\"},{\"@type\":\"ListItem\",\"position\":5,\"name\":\"Punta aplicadora\"}]},{\"@type\":\"WebSite\",\"@id\":\"https:\\\/\\\/www.gemitaly.it\\\/#website\",\"url\":\"https:\\\/\\\/www.gemitaly.it\\\/\",\"name\":\"GEM Italy\",\"description\":\"Synthetic Surgical Glues\",\"publisher\":{\"@id\":\"https:\\\/\\\/www.gemitaly.it\\\/#organization\"},\"potentialAction\":[{\"@type\":\"SearchAction\",\"target\":{\"@type\":\"EntryPoint\",\"urlTemplate\":\"https:\\\/\\\/www.gemitaly.it\\\/?s={search_term_string}\"},\"query-input\":{\"@type\":\"PropertyValueSpecification\",\"valueRequired\":true,\"valueName\":\"search_term_string\"}}],\"inLanguage\":\"es\"},{\"@type\":\"Organization\",\"@id\":\"https:\\\/\\\/www.gemitaly.it\\\/#organization\",\"name\":\"GEM Italy\",\"url\":\"https:\\\/\\\/www.gemitaly.it\\\/\",\"logo\":{\"@type\":\"ImageObject\",\"inLanguage\":\"es\",\"@id\":\"https:\\\/\\\/www.gemitaly.it\\\/#\\\/schema\\\/logo\\\/image\\\/\",\"url\":\"https:\\\/\\\/www.gemitaly.it\\\/wp-content\\\/uploads\\\/2024\\\/06\\\/icona-APP-GEM.png\",\"contentUrl\":\"https:\\\/\\\/www.gemitaly.it\\\/wp-content\\\/uploads\\\/2024\\\/06\\\/icona-APP-GEM.png\",\"width\":482,\"height\":520,\"caption\":\"GEM Italy\"},\"image\":{\"@id\":\"https:\\\/\\\/www.gemitaly.it\\\/#\\\/schema\\\/logo\\\/image\\\/\"},\"sameAs\":[\"https:\\\/\\\/www.facebook.com\\\/gemitaly\",\"https:\\\/\\\/www.linkedin.com\\\/company\\\/gem-s-r-l\\\/\"]}]}<\/script>\n<!-- \/ Yoast SEO plugin. -->","yoast_head_json":{"title":"Punta aplicadora - GEM Italy","robots":{"index":"index","follow":"follow","max-snippet":"max-snippet:-1","max-image-preview":"max-image-preview:large","max-video-preview":"max-video-preview:-1"},"canonical":"https:\/\/www.gemitaly.it\/es\/productos\/dispositivos-de-aplicacion\/dispositivos-para-laparotomia\/punta-aplicadora\/","og_locale":"es_ES","og_type":"article","og_title":"Punta aplicadora - GEM Italy","og_description":"Dispositivo monouso que permite aplicar las colas GLUBRAN en modo t\u00f3pico, tanto durante intervenciones quir\u00fargicas como durante la curaci\u00f3n de heridas cut\u00e1neas traum\u00e1ticas y atraum\u00e1ticas. Se acopla directamente a la ampolla de cola y se utiliza como un pincel para una aplicaci\u00f3n precisa y localizada de las colas\u00a0GLUBRAN.","og_url":"https:\/\/www.gemitaly.it\/es\/productos\/dispositivos-de-aplicacion\/dispositivos-para-laparotomia\/punta-aplicadora\/","og_site_name":"GEM Italy","article_publisher":"https:\/\/www.facebook.com\/gemitaly","article_modified_time":"2016-10-13T18:25:59+00:00","twitter_card":"summary_large_image","schema":{"@context":"https:\/\/schema.org","@graph":[{"@type":"WebPage","@id":"https:\/\/www.gemitaly.it\/es\/productos\/dispositivos-de-aplicacion\/dispositivos-para-laparotomia\/punta-aplicadora\/","url":"https:\/\/www.gemitaly.it\/es\/productos\/dispositivos-de-aplicacion\/dispositivos-para-laparotomia\/punta-aplicadora\/","name":"Punta aplicadora - GEM Italy","isPartOf":{"@id":"https:\/\/www.gemitaly.it\/#website"},"datePublished":"2016-09-22T17:33:00+00:00","dateModified":"2016-10-13T18:25:59+00:00","breadcrumb":{"@id":"https:\/\/www.gemitaly.it\/es\/productos\/dispositivos-de-aplicacion\/dispositivos-para-laparotomia\/punta-aplicadora\/#breadcrumb"},"inLanguage":"es","potentialAction":[{"@type":"ReadAction","target":["https:\/\/www.gemitaly.it\/es\/productos\/dispositivos-de-aplicacion\/dispositivos-para-laparotomia\/punta-aplicadora\/"]}]},{"@type":"BreadcrumbList","@id":"https:\/\/www.gemitaly.it\/es\/productos\/dispositivos-de-aplicacion\/dispositivos-para-laparotomia\/punta-aplicadora\/#breadcrumb","itemListElement":[{"@type":"ListItem","position":1,"name":"Home","item":"https:\/\/www.gemitaly.it\/es\/home\/"},{"@type":"ListItem","position":2,"name":"Productos","item":"https:\/\/www.gemitaly.it\/es\/productos\/"},{"@type":"ListItem","position":3,"name":"Dispositivos de aplicaci\u00f3n","item":"https:\/\/www.gemitaly.it\/es\/productos\/dispositivos-de-aplicacion\/"},{"@type":"ListItem","position":4,"name":"Dispositivos para laparotomia","item":"https:\/\/www.gemitaly.it\/es\/productos\/dispositivos-de-aplicacion\/dispositivos-para-laparotomia\/"},{"@type":"ListItem","position":5,"name":"Punta aplicadora"}]},{"@type":"WebSite","@id":"https:\/\/www.gemitaly.it\/#website","url":"https:\/\/www.gemitaly.it\/","name":"GEM Italy","description":"Synthetic Surgical Glues","publisher":{"@id":"https:\/\/www.gemitaly.it\/#organization"},"potentialAction":[{"@type":"SearchAction","target":{"@type":"EntryPoint","urlTemplate":"https:\/\/www.gemitaly.it\/?s={search_term_string}"},"query-input":{"@type":"PropertyValueSpecification","valueRequired":true,"valueName":"search_term_string"}}],"inLanguage":"es"},{"@type":"Organization","@id":"https:\/\/www.gemitaly.it\/#organization","name":"GEM Italy","url":"https:\/\/www.gemitaly.it\/","logo":{"@type":"ImageObject","inLanguage":"es","@id":"https:\/\/www.gemitaly.it\/#\/schema\/logo\/image\/","url":"https:\/\/www.gemitaly.it\/wp-content\/uploads\/2024\/06\/icona-APP-GEM.png","contentUrl":"https:\/\/www.gemitaly.it\/wp-content\/uploads\/2024\/06\/icona-APP-GEM.png","width":482,"height":520,"caption":"GEM Italy"},"image":{"@id":"https:\/\/www.gemitaly.it\/#\/schema\/logo\/image\/"},"sameAs":["https:\/\/www.facebook.com\/gemitaly","https:\/\/www.linkedin.com\/company\/gem-s-r-l\/"]}]}},"_links":{"self":[{"href":"https:\/\/www.gemitaly.it\/es\/wp-json\/wp\/v2\/pages\/996","targetHints":{"allow":["GET"]}}],"collection":[{"href":"https:\/\/www.gemitaly.it\/es\/wp-json\/wp\/v2\/pages"}],"about":[{"href":"https:\/\/www.gemitaly.it\/es\/wp-json\/wp\/v2\/types\/page"}],"author":[{"embeddable":true,"href":"https:\/\/www.gemitaly.it\/es\/wp-json\/wp\/v2\/users\/1"}],"replies":[{"embeddable":true,"href":"https:\/\/www.gemitaly.it\/es\/wp-json\/wp\/v2\/comments?post=996"}],"version-history":[{"count":1,"href":"https:\/\/www.gemitaly.it\/es\/wp-json\/wp\/v2\/pages\/996\/revisions"}],"predecessor-version":[{"id":997,"href":"https:\/\/www.gemitaly.it\/es\/wp-json\/wp\/v2\/pages\/996\/revisions\/997"}],"up":[{"embeddable":true,"href":"https:\/\/www.gemitaly.it\/es\/wp-json\/wp\/v2\/pages\/2192"}],"wp:attachment":[{"href":"https:\/\/www.gemitaly.it\/es\/wp-json\/wp\/v2\/media?parent=996"}],"curies":[{"name":"wp","href":"https:\/\/api.w.org\/{rel}","templated":true}]}}