{"id":15,"date":"2016-05-09T15:32:12","date_gmt":"2016-05-09T13:32:12","guid":{"rendered":"https:\/\/www.gemitaly.it\/fr\/?page_id=15"},"modified":"2019-04-07T17:29:15","modified_gmt":"2019-04-07T15:29:15","slug":"entreprise","status":"publish","type":"page","link":"https:\/\/www.gemitaly.it\/fr\/entreprise\/","title":{"rendered":"Entreprise"},"content":{"rendered":"<div class=\"fusion-fullwidth fullwidth-box fusion-builder-row-1 hundred-percent-fullwidth non-hundred-percent-height-scrolling\" style=\"--awb-border-radius-top-left:0px;--awb-border-radius-top-right:0px;--awb-border-radius-bottom-right:0px;--awb-border-radius-bottom-left:0px;--awb-overflow:visible;--awb-flex-wrap:wrap;\" ><div class=\"fusion-builder-row fusion-row\"><div class=\"fusion-layout-column fusion_builder_column fusion-builder-column-0 fusion_builder_column_1_1 1_1 fusion-one-full fusion-column-first fusion-column-last fusion-column-no-min-height\" style=\"--awb-bg-size:cover;--awb-margin-bottom:0px;\"><div class=\"fusion-column-wrapper fusion-flex-column-wrapper-legacy\"><div class=\"fusion-text fusion-text-1\"><p><strong class=\"gemblue\">Gem <\/strong>est une entreprise italienne qui produit et distribue dispositifs m\u00e9dicaux.<\/p>\n<p>Fond\u00e9e en 1994, elle a pour objet de commercialiser des dispositifs m\u00e9dico-chirurgicaux innovants.<\/p>\n<p>En 1995 notre Entreprise a commercialis\u00e9 la colle <strong class=\"gemblue\">Glubran<\/strong>, pour l\u2019emploi en chirurgie.<\/p>\n<p>La deuxi\u00e8me g\u00e9n\u00e9ration du produit <strong class=\"gemblue\">Glubran 2<\/strong> est n\u00e9e peu apr\u00e8s, dans sa nouvelle formule qui en a permis l\u2019usage m\u00eame dans les traitements endovasculaires.<\/p>\n<p>En 1998 les deux produits ont obtenu la Certification CE pour usage interne.<\/p>\n<p>A pr\u00e9sent, la colle <strong class=\"gemblue\">Glubran 2<\/strong> est utilis\u00e9e pour ses diff\u00e9rentes indications dans de tr\u00e8s nombreux domaines chirurgicaux.<\/p>\n<p>Au cours de ces onze ann\u00e9es notre Entreprise a cr\u00e9e et produit plusieurs dispositifs applicateurs pour la colle, qui facilitent et am\u00e9liorent son usage.<\/p>\n<p>En 2007 a \u00e9t\u00e9 commercialis\u00e9e <strong class=\"gemblue\">Glubran Tiss<\/strong>, colle cutan\u00e9e chirurgicale. A pr\u00e9sent <strong class=\"gemblue\">Glubran 2<\/strong>, <strong class=\"gemblue\">Glubran Tiss<\/strong> et leurs dispositifs d\u2019application sont vendus dans plus de 40 pays au monde.<\/p>\n<p>La recherche constante est \u00e0 la base de notre travail et son objectif est de perfectionner des dispositifs m\u00e9dico-chirurgicaux innovants, au point d\u2019anticiper les demandes d\u2019un march\u00e9 de plus en plus sophistiqu\u00e9.<\/p>\n<\/div><div class=\"fusion-clearfix\"><\/div><\/div><\/div><div class=\"fusion-layout-column fusion_builder_column fusion-builder-column-1 fusion_builder_column_1_1 1_1 fusion-one-full fusion-column-first fusion-column-last fusion-column-no-min-height\" style=\"--awb-bg-size:cover;--awb-margin-bottom:0px;\"><div class=\"fusion-column-wrapper fusion-flex-column-wrapper-legacy\"><script type=\"text\/html\" data-cookiecategory=\"analytics\"><div class=\"fusion-video fusion-vimeo\" style=\"--awb-max-width:1100px;--awb-max-height:604px;\"><div class=\"video-shortcode\"><div class=\"fluid-width-video-wrapper\" style=\"padding-top:54.91%;\" ><iframe title=\"Vimeo video player 1\" src=\"https:\/\/player.vimeo.com\/video\/184021105?autoplay=0&amp;autopause=0\" width=\"1100\" height=\"604\" allowfullscreen allow=\"autoplay; fullscreen\"><\/iframe><\/div><\/div><\/div><\/script><div class=\"embed-placeholder vimeo-content analytics\"><p>Video content handled by Vimeo. To see it you must <a href=\"javascript:void(0)\" class=\"elmo-show\">accept analytic cookies<\/a><\/p><\/div><div class=\"fusion-clearfix\"><\/div><\/div><\/div><\/div><\/div>\n","protected":false},"excerpt":{"rendered":"","protected":false},"author":1,"featured_media":0,"parent":0,"menu_order":0,"comment_status":"closed","ping_status":"closed","template":"","meta":{"_acf_changed":false,"footnotes":""},"class_list":["post-15","page","type-page","status-publish","hentry"],"acf":[],"yoast_head":"<!-- This site is optimized with the Yoast SEO plugin v27.4 - https:\/\/yoast.com\/product\/yoast-seo-wordpress\/ -->\n<title>Entreprise - GEM Italy<\/title>\n<meta name=\"robots\" content=\"index, follow, max-snippet:-1, max-image-preview:large, max-video-preview:-1\" \/>\n<link rel=\"canonical\" href=\"https:\/\/www.gemitaly.it\/fr\/entreprise\/\" \/>\n<meta property=\"og:locale\" content=\"fr_FR\" \/>\n<meta property=\"og:type\" content=\"article\" \/>\n<meta property=\"og:title\" content=\"Entreprise - GEM Italy\" \/>\n<meta property=\"og:url\" content=\"https:\/\/www.gemitaly.it\/fr\/entreprise\/\" \/>\n<meta property=\"og:site_name\" content=\"GEM Italy\" \/>\n<meta property=\"article:publisher\" content=\"https:\/\/www.facebook.com\/gemitaly\" \/>\n<meta property=\"article:modified_time\" content=\"2019-04-07T15:29:15+00:00\" \/>\n<meta name=\"twitter:card\" content=\"summary_large_image\" \/>\n<meta name=\"twitter:label1\" content=\"Dur\u00e9e de lecture estim\u00e9e\" \/>\n\t<meta name=\"twitter:data1\" content=\"2 minutes\" \/>\n<script type=\"application\/ld+json\" class=\"yoast-schema-graph\">{\"@context\":\"https:\\\/\\\/schema.org\",\"@graph\":[{\"@type\":\"WebPage\",\"@id\":\"https:\\\/\\\/www.gemitaly.it\\\/fr\\\/entreprise\\\/\",\"url\":\"https:\\\/\\\/www.gemitaly.it\\\/fr\\\/entreprise\\\/\",\"name\":\"Entreprise - GEM Italy\",\"isPartOf\":{\"@id\":\"https:\\\/\\\/www.gemitaly.it\\\/#website\"},\"datePublished\":\"2016-05-09T13:32:12+00:00\",\"dateModified\":\"2019-04-07T15:29:15+00:00\",\"breadcrumb\":{\"@id\":\"https:\\\/\\\/www.gemitaly.it\\\/fr\\\/entreprise\\\/#breadcrumb\"},\"inLanguage\":\"fr-FR\",\"potentialAction\":[{\"@type\":\"ReadAction\",\"target\":[\"https:\\\/\\\/www.gemitaly.it\\\/fr\\\/entreprise\\\/\"]}]},{\"@type\":\"BreadcrumbList\",\"@id\":\"https:\\\/\\\/www.gemitaly.it\\\/fr\\\/entreprise\\\/#breadcrumb\",\"itemListElement\":[{\"@type\":\"ListItem\",\"position\":1,\"name\":\"Home\",\"item\":\"https:\\\/\\\/www.gemitaly.it\\\/fr\\\/home\\\/\"},{\"@type\":\"ListItem\",\"position\":2,\"name\":\"Entreprise\"}]},{\"@type\":\"WebSite\",\"@id\":\"https:\\\/\\\/www.gemitaly.it\\\/#website\",\"url\":\"https:\\\/\\\/www.gemitaly.it\\\/\",\"name\":\"GEM Italy\",\"description\":\"Synthetic Surgical Glues\",\"publisher\":{\"@id\":\"https:\\\/\\\/www.gemitaly.it\\\/#organization\"},\"potentialAction\":[{\"@type\":\"SearchAction\",\"target\":{\"@type\":\"EntryPoint\",\"urlTemplate\":\"https:\\\/\\\/www.gemitaly.it\\\/?s={search_term_string}\"},\"query-input\":{\"@type\":\"PropertyValueSpecification\",\"valueRequired\":true,\"valueName\":\"search_term_string\"}}],\"inLanguage\":\"fr-FR\"},{\"@type\":\"Organization\",\"@id\":\"https:\\\/\\\/www.gemitaly.it\\\/#organization\",\"name\":\"GEM Italy\",\"url\":\"https:\\\/\\\/www.gemitaly.it\\\/\",\"logo\":{\"@type\":\"ImageObject\",\"inLanguage\":\"fr-FR\",\"@id\":\"https:\\\/\\\/www.gemitaly.it\\\/#\\\/schema\\\/logo\\\/image\\\/\",\"url\":\"https:\\\/\\\/www.gemitaly.it\\\/wp-content\\\/uploads\\\/2024\\\/06\\\/icona-APP-GEM.png\",\"contentUrl\":\"https:\\\/\\\/www.gemitaly.it\\\/wp-content\\\/uploads\\\/2024\\\/06\\\/icona-APP-GEM.png\",\"width\":482,\"height\":520,\"caption\":\"GEM Italy\"},\"image\":{\"@id\":\"https:\\\/\\\/www.gemitaly.it\\\/#\\\/schema\\\/logo\\\/image\\\/\"},\"sameAs\":[\"https:\\\/\\\/www.facebook.com\\\/gemitaly\",\"https:\\\/\\\/www.linkedin.com\\\/company\\\/gem-s-r-l\\\/\"]}]}<\/script>\n<!-- \/ Yoast SEO plugin. -->","yoast_head_json":{"title":"Entreprise - GEM Italy","robots":{"index":"index","follow":"follow","max-snippet":"max-snippet:-1","max-image-preview":"max-image-preview:large","max-video-preview":"max-video-preview:-1"},"canonical":"https:\/\/www.gemitaly.it\/fr\/entreprise\/","og_locale":"fr_FR","og_type":"article","og_title":"Entreprise - GEM Italy","og_url":"https:\/\/www.gemitaly.it\/fr\/entreprise\/","og_site_name":"GEM Italy","article_publisher":"https:\/\/www.facebook.com\/gemitaly","article_modified_time":"2019-04-07T15:29:15+00:00","twitter_card":"summary_large_image","twitter_misc":{"Dur\u00e9e de lecture estim\u00e9e":"2 minutes"},"schema":{"@context":"https:\/\/schema.org","@graph":[{"@type":"WebPage","@id":"https:\/\/www.gemitaly.it\/fr\/entreprise\/","url":"https:\/\/www.gemitaly.it\/fr\/entreprise\/","name":"Entreprise - GEM Italy","isPartOf":{"@id":"https:\/\/www.gemitaly.it\/#website"},"datePublished":"2016-05-09T13:32:12+00:00","dateModified":"2019-04-07T15:29:15+00:00","breadcrumb":{"@id":"https:\/\/www.gemitaly.it\/fr\/entreprise\/#breadcrumb"},"inLanguage":"fr-FR","potentialAction":[{"@type":"ReadAction","target":["https:\/\/www.gemitaly.it\/fr\/entreprise\/"]}]},{"@type":"BreadcrumbList","@id":"https:\/\/www.gemitaly.it\/fr\/entreprise\/#breadcrumb","itemListElement":[{"@type":"ListItem","position":1,"name":"Home","item":"https:\/\/www.gemitaly.it\/fr\/home\/"},{"@type":"ListItem","position":2,"name":"Entreprise"}]},{"@type":"WebSite","@id":"https:\/\/www.gemitaly.it\/#website","url":"https:\/\/www.gemitaly.it\/","name":"GEM Italy","description":"Synthetic Surgical Glues","publisher":{"@id":"https:\/\/www.gemitaly.it\/#organization"},"potentialAction":[{"@type":"SearchAction","target":{"@type":"EntryPoint","urlTemplate":"https:\/\/www.gemitaly.it\/?s={search_term_string}"},"query-input":{"@type":"PropertyValueSpecification","valueRequired":true,"valueName":"search_term_string"}}],"inLanguage":"fr-FR"},{"@type":"Organization","@id":"https:\/\/www.gemitaly.it\/#organization","name":"GEM Italy","url":"https:\/\/www.gemitaly.it\/","logo":{"@type":"ImageObject","inLanguage":"fr-FR","@id":"https:\/\/www.gemitaly.it\/#\/schema\/logo\/image\/","url":"https:\/\/www.gemitaly.it\/wp-content\/uploads\/2024\/06\/icona-APP-GEM.png","contentUrl":"https:\/\/www.gemitaly.it\/wp-content\/uploads\/2024\/06\/icona-APP-GEM.png","width":482,"height":520,"caption":"GEM Italy"},"image":{"@id":"https:\/\/www.gemitaly.it\/#\/schema\/logo\/image\/"},"sameAs":["https:\/\/www.facebook.com\/gemitaly","https:\/\/www.linkedin.com\/company\/gem-s-r-l\/"]}]}},"_links":{"self":[{"href":"https:\/\/www.gemitaly.it\/fr\/wp-json\/wp\/v2\/pages\/15","targetHints":{"allow":["GET"]}}],"collection":[{"href":"https:\/\/www.gemitaly.it\/fr\/wp-json\/wp\/v2\/pages"}],"about":[{"href":"https:\/\/www.gemitaly.it\/fr\/wp-json\/wp\/v2\/types\/page"}],"author":[{"embeddable":true,"href":"https:\/\/www.gemitaly.it\/fr\/wp-json\/wp\/v2\/users\/1"}],"replies":[{"embeddable":true,"href":"https:\/\/www.gemitaly.it\/fr\/wp-json\/wp\/v2\/comments?post=15"}],"version-history":[{"count":3,"href":"https:\/\/www.gemitaly.it\/fr\/wp-json\/wp\/v2\/pages\/15\/revisions"}],"predecessor-version":[{"id":4942,"href":"https:\/\/www.gemitaly.it\/fr\/wp-json\/wp\/v2\/pages\/15\/revisions\/4942"}],"wp:attachment":[{"href":"https:\/\/www.gemitaly.it\/fr\/wp-json\/wp\/v2\/media?parent=15"}],"curies":[{"name":"wp","href":"https:\/\/api.w.org\/{rel}","templated":true}]}}