{"id":1583,"date":"2016-09-10T16:31:41","date_gmt":"2016-09-10T14:31:41","guid":{"rendered":"https:\/\/www.gemitaly.it\/fr\/prodotti\/glubran-tiss-2\/"},"modified":"2025-06-12T15:52:43","modified_gmt":"2025-06-12T13:52:43","slug":"glubran-tiss-2","status":"publish","type":"page","link":"https:\/\/www.gemitaly.it\/fr\/produits\/glubran-tiss-2\/","title":{"rendered":"Glubran Tiss 2"},"content":{"rendered":"<p><div class=\"fusion-fullwidth fullwidth-box fusion-builder-row-1 fusion-flex-container nonhundred-percent-fullwidth non-hundred-percent-height-scrolling\" style=\"--awb-border-radius-top-left:0px;--awb-border-radius-top-right:0px;--awb-border-radius-bottom-right:0px;--awb-border-radius-bottom-left:0px;--awb-flex-wrap:wrap;\" ><div class=\"fusion-builder-row fusion-row fusion-flex-align-items-flex-start fusion-flex-content-wrap\" style=\"max-width:1144px;margin-left: calc(-4% \/ 2 );margin-right: calc(-4% \/ 2 );\"><div class=\"fusion-layout-column fusion_builder_column fusion-builder-column-0 fusion_builder_column_1_1 1_1 fusion-flex-column\" style=\"--awb-bg-size:cover;--awb-width-large:100%;--awb-margin-top-large:0px;--awb-spacing-right-large:1.92%;--awb-margin-bottom-large:0px;--awb-spacing-left-large:1.92%;--awb-width-medium:100%;--awb-spacing-right-medium:1.92%;--awb-spacing-left-medium:1.92%;--awb-width-small:100%;--awb-spacing-right-small:1.92%;--awb-spacing-left-small:1.92%;\"><div class=\"fusion-column-wrapper fusion-flex-justify-content-flex-start fusion-content-layout-column\"><div class=\"fusion-text fusion-text-1\"><h3>COLLE \u00c0 USAGE CUTAN\u00c9 BI-COMPOSANT<\/h3>\n<\/div><\/div><\/div><\/div><\/div><div class=\"fusion-fullwidth fullwidth-box fusion-builder-row-2 hundred-percent-fullwidth non-hundred-percent-height-scrolling\" style=\"--awb-border-radius-top-left:0px;--awb-border-radius-top-right:0px;--awb-border-radius-bottom-right:0px;--awb-border-radius-bottom-left:0px;--awb-overflow:visible;--awb-flex-wrap:wrap;\" ><div class=\"fusion-builder-row fusion-row\"><div class=\"fusion-layout-column fusion_builder_column fusion-builder-column-1 fusion_builder_column_1_1 1_1 fusion-one-full fusion-column-first fusion-column-last fusion-animated\" style=\"--awb-bg-size:cover;\" data-animationType=\"fadeInDown\" data-animationDuration=\"0.1\" data-animationOffset=\"top-into-view\"><div class=\"fusion-column-wrapper fusion-flex-column-wrapper-legacy\"><div class=\"fusion-column-content-centered\"><div class=\"fusion-column-content\"><div class=\"fusion-image-element in-legacy-container\" style=\"--awb-caption-title-font-family:var(--h2_typography-font-family);--awb-caption-title-font-weight:var(--h2_typography-font-weight);--awb-caption-title-font-style:var(--h2_typography-font-style);--awb-caption-title-size:var(--h2_typography-font-size);--awb-caption-title-transform:var(--h2_typography-text-transform);--awb-caption-title-line-height:var(--h2_typography-line-height);--awb-caption-title-letter-spacing:var(--h2_typography-letter-spacing);\"><span class=\" fusion-imageframe imageframe-none imageframe-1 hover-type-none\"><img loading=\"lazy\" decoding=\"async\" width=\"800\" height=\"296\" title=\"tiss2 3 box 2024\" src=\"https:\/\/www.gemitaly.it\/wp-content\/uploads\/2025\/06\/tiss2-3-box-2024-800x296.png\" alt class=\"img-responsive wp-image-14042\" srcset=\"https:\/\/www.gemitaly.it\/wp-content\/uploads\/2025\/06\/tiss2-3-box-2024-200x74.png 200w, https:\/\/www.gemitaly.it\/wp-content\/uploads\/2025\/06\/tiss2-3-box-2024-400x148.png 400w, https:\/\/www.gemitaly.it\/wp-content\/uploads\/2025\/06\/tiss2-3-box-2024-600x222.png 600w, https:\/\/www.gemitaly.it\/wp-content\/uploads\/2025\/06\/tiss2-3-box-2024-800x296.png 800w, https:\/\/www.gemitaly.it\/wp-content\/uploads\/2025\/06\/tiss2-3-box-2024-1200x444.png 1200w\" sizes=\"auto, (max-width: 800px) 100vw, 1200px\" \/><\/span><\/div><\/div><\/div><div class=\"fusion-clearfix\"><\/div><\/div><\/div><div class=\"fusion-layout-column fusion_builder_column fusion-builder-column-2 fusion_builder_column_1_1 1_1 fusion-one-full fusion-column-first fusion-column-last\" style=\"--awb-bg-size:cover;--awb-margin-bottom:0px;\"><div class=\"fusion-column-wrapper fusion-flex-column-wrapper-legacy\"><div class=\"fusion-text fusion-text-2\"><h4>\n<\/div><div class=\"fusion-clearfix\"><\/div><\/div><\/div><div class=\"fusion-layout-column fusion_builder_column fusion-builder-column-3 fusion_builder_column_1_1 1_1 fusion-one-full fusion-column-first fusion-column-last fusion-column-no-min-height\" style=\"--awb-bg-size:cover;--awb-margin-bottom:0px;\"><div class=\"fusion-column-wrapper fusion-flex-column-wrapper-legacy\"><div class=\"fusion-image-element fusion-image-align-right in-legacy-container\" style=\"text-align:right;--awb-caption-title-font-family:var(--h2_typography-font-family);--awb-caption-title-font-weight:var(--h2_typography-font-weight);--awb-caption-title-font-style:var(--h2_typography-font-style);--awb-caption-title-size:var(--h2_typography-font-size);--awb-caption-title-transform:var(--h2_typography-text-transform);--awb-caption-title-line-height:var(--h2_typography-line-height);--awb-caption-title-letter-spacing:var(--h2_typography-letter-spacing);\"><span class=\" fusion-imageframe imageframe-none imageframe-2 hover-type-none\" style=\"margin-left:25px;float:right;\"><img loading=\"lazy\" decoding=\"async\" width=\"220\" height=\"186\" title=\"glubran-tiss2-blister_220\" src=\"https:\/\/www.gemitaly.it\/wp-content\/uploads\/2016\/09\/glubran-tiss2-blister_220.jpg\" alt class=\"img-responsive wp-image-1397\"\/><\/span><\/div><div class=\"fusion-text fusion-text-3\"><h4>EFFICACE<br \/>\n<\/h4>\n<ul>\n<li>Fermeture rapide de la plaie (40-60 sec)<\/li>\n<li>Excellents r\u00e9sultats esth\u00e9tiques<\/li>\n<li>Pr\u00e9vention du risque de l\u2019infection<\/li>\n<li>R\u00e9duction du traumatisme et de l\u2019inflammation<\/li>\n<\/ul>\n<p>M\u00caME CHEZ PATIENTS AVEC COAGULOPATHIE CONG\u00c9NITALE<\/p>\n<h4 data-fontsize=\"22\" data-lineheight=\"33px\" class=\"fusion-responsive-typography-calculated\" style=\"--fontSize:22; line-height: 1.5;\">FIABLE ET INNOVANTE<\/h4>\n<p>Les deux monom\u00e8res (NBCA+OCA) donnent:<\/p>\n<ul>\n<li>Haute r\u00e9sistance \u00e0 la traction et meilleure \u00e9lasticit\u00e9<\/li>\n<li>Temp\u00e9rature de polym\u00e9risation \u00e0 45\u00b0C, inf\u00e9rieure \u00e0 celle d\u2019autres adh\u00e9sifs cutan\u00e9es (80-90\u00b0C)<\/li>\n<\/ul>\n<h4 data-fontsize=\"22\" data-lineheight=\"33px\" class=\"fusion-responsive-typography-calculated\" style=\"--fontSize:22; line-height: 1.5;\">S\u00dbRE<\/h4>\n<ul>\n<li>Pas de n\u00e9crose tissulaire gr\u00e2ce \u00e0 la basse temp\u00e9rature de polym\u00e9risation<\/li>\n<li>Biocompatibilit\u00e9 tissulaire<\/li>\n<li>Barri\u00e8re antimicrobienne, imperm\u00e9able et respirante<\/li>\n<\/ul>\n<h4 data-fontsize=\"22\" data-lineheight=\"33px\" class=\"fusion-responsive-typography-calculated\" style=\"--fontSize:22; line-height: 1.5;\">SIMPLE<\/h4>\n<ul>\n<li>Pr\u00eat \u00e0 l\u2019emploi<\/li>\n<li>Simple \u00e0 appliquer<\/li>\n<\/ul>\n<h4 data-fontsize=\"22\" data-lineheight=\"33px\" class=\"fusion-responsive-typography-calculated\" style=\"--fontSize:22; line-height: 1.5;\">PR\u00c9CISE<\/h4>\n<ul>\n<li>La fluidit\u00e9 du produit, l\u2019ergonomie de la bouteille et l\u2019embout diffuseur permettent la lib\u00e9ration contr\u00f4l\u00e9e de la colle m\u00eame dans les zones difficiles \u00e0 traiter<\/li>\n<\/ul>\n<h4 data-fontsize=\"22\" data-lineheight=\"33px\" class=\"fusion-responsive-typography-calculated\" style=\"--fontSize:22; line-height: 1.5;\">POLYVANT<\/h4>\n<ul>\n<li>3 types de conditionnement: 0,25 ml, 0,35 ml, 0,50 ml<\/li>\n<\/ul>\n<h4 data-fontsize=\"22\" data-lineheight=\"33px\" class=\"fusion-responsive-typography-calculated\" style=\"--fontSize:22; line-height: 1.5;\">CONFORTABLE<\/h4>\n<ul>\n<li>Pas de douleur<\/li>\n<li>Transparente et r\u00e9sistante \u00e0 l\u2019eau<\/li>\n<li>Pas de m\u00e9dicament<\/li>\n<li>D\u00e9tachement spontan\u00e9 apr\u00e8s 5-8 jours<\/li>\n<li>Indiqu\u00e9 chez les enfants et les patients non-coop\u00e9ratifs<\/li>\n<\/ul>\n<h4 data-fontsize=\"22\" data-lineheight=\"33px\" class=\"fusion-responsive-typography-calculated\" style=\"--fontSize:22; line-height: 1.5;\">AVANTAGES \u00c9CONOMIQUES<\/h4>\n<ul>\n<li>Pas de gaspillage de produit<\/li>\n<li>Visites de contr\u00f4le pas n\u00e9cessaires<\/li>\n<li>Pas d\u2019anesth\u00e9sie<\/li>\n<\/ul>\n<\/div><div class=\"fusion-clearfix\"><\/div><\/div><\/div><\/div><\/div><\/p>\n","protected":false},"excerpt":{"rendered":"","protected":false},"author":1,"featured_media":0,"parent":953,"menu_order":1,"comment_status":"closed","ping_status":"closed","template":"page-product.php","meta":{"_acf_changed":false,"footnotes":""},"class_list":["post-1583","page","type-page","status-publish","hentry"],"acf":[],"yoast_head":"<!-- This site is optimized with the Yoast SEO plugin v27.2 - https:\/\/yoast.com\/product\/yoast-seo-wordpress\/ -->\n<title>Glubran Tiss 2 - GEM Italy<\/title>\n<meta name=\"robots\" content=\"index, follow, max-snippet:-1, max-image-preview:large, max-video-preview:-1\" \/>\n<link rel=\"canonical\" href=\"https:\/\/www.gemitaly.it\/fr\/produits\/glubran-tiss-2\/\" \/>\n<meta property=\"og:locale\" content=\"fr_FR\" \/>\n<meta property=\"og:type\" content=\"article\" \/>\n<meta property=\"og:title\" content=\"Glubran Tiss 2 - GEM Italy\" \/>\n<meta property=\"og:url\" content=\"https:\/\/www.gemitaly.it\/fr\/produits\/glubran-tiss-2\/\" \/>\n<meta property=\"og:site_name\" content=\"GEM Italy\" \/>\n<meta property=\"article:publisher\" content=\"https:\/\/www.facebook.com\/gemitaly\" \/>\n<meta property=\"article:modified_time\" content=\"2025-06-12T13:52:43+00:00\" \/>\n<meta property=\"og:image\" content=\"https:\/\/www.gemitaly.it\/wp-content\/uploads\/2016\/09\/glubran-tiss2-blister_220.jpg\" \/>\n<meta name=\"twitter:card\" content=\"summary_large_image\" \/>\n<meta name=\"twitter:label1\" content=\"Dur\u00e9e de lecture estim\u00e9e\" \/>\n\t<meta name=\"twitter:data1\" content=\"3 minutes\" \/>\n<script type=\"application\/ld+json\" class=\"yoast-schema-graph\">{\"@context\":\"https:\/\/schema.org\",\"@graph\":[{\"@type\":\"WebPage\",\"@id\":\"https:\/\/www.gemitaly.it\/fr\/produits\/glubran-tiss-2\/\",\"url\":\"https:\/\/www.gemitaly.it\/fr\/produits\/glubran-tiss-2\/\",\"name\":\"Glubran Tiss 2 - GEM Italy\",\"isPartOf\":{\"@id\":\"https:\/\/www.gemitaly.it\/#website\"},\"primaryImageOfPage\":{\"@id\":\"https:\/\/www.gemitaly.it\/fr\/produits\/glubran-tiss-2\/#primaryimage\"},\"image\":{\"@id\":\"https:\/\/www.gemitaly.it\/fr\/produits\/glubran-tiss-2\/#primaryimage\"},\"thumbnailUrl\":\"https:\/\/www.gemitaly.it\/wp-content\/uploads\/2016\/09\/glubran-tiss2-blister_220.jpg\",\"datePublished\":\"2016-09-10T14:31:41+00:00\",\"dateModified\":\"2025-06-12T13:52:43+00:00\",\"breadcrumb\":{\"@id\":\"https:\/\/www.gemitaly.it\/fr\/produits\/glubran-tiss-2\/#breadcrumb\"},\"inLanguage\":\"fr-FR\",\"potentialAction\":[{\"@type\":\"ReadAction\",\"target\":[\"https:\/\/www.gemitaly.it\/fr\/produits\/glubran-tiss-2\/\"]}]},{\"@type\":\"ImageObject\",\"inLanguage\":\"fr-FR\",\"@id\":\"https:\/\/www.gemitaly.it\/fr\/produits\/glubran-tiss-2\/#primaryimage\",\"url\":\"https:\/\/www.gemitaly.it\/wp-content\/uploads\/2016\/09\/glubran-tiss2-blister_220.jpg\",\"contentUrl\":\"https:\/\/www.gemitaly.it\/wp-content\/uploads\/2016\/09\/glubran-tiss2-blister_220.jpg\"},{\"@type\":\"BreadcrumbList\",\"@id\":\"https:\/\/www.gemitaly.it\/fr\/produits\/glubran-tiss-2\/#breadcrumb\",\"itemListElement\":[{\"@type\":\"ListItem\",\"position\":1,\"name\":\"Home\",\"item\":\"https:\/\/www.gemitaly.it\/fr\/home\/\"},{\"@type\":\"ListItem\",\"position\":2,\"name\":\"Produits\",\"item\":\"https:\/\/www.gemitaly.it\/fr\/produits\/\"},{\"@type\":\"ListItem\",\"position\":3,\"name\":\"Glubran Tiss 2\"}]},{\"@type\":\"WebSite\",\"@id\":\"https:\/\/www.gemitaly.it\/#website\",\"url\":\"https:\/\/www.gemitaly.it\/\",\"name\":\"GEM Italy\",\"description\":\"Synthetic Surgical Glues\",\"publisher\":{\"@id\":\"https:\/\/www.gemitaly.it\/#organization\"},\"potentialAction\":[{\"@type\":\"SearchAction\",\"target\":{\"@type\":\"EntryPoint\",\"urlTemplate\":\"https:\/\/www.gemitaly.it\/?s={search_term_string}\"},\"query-input\":{\"@type\":\"PropertyValueSpecification\",\"valueRequired\":true,\"valueName\":\"search_term_string\"}}],\"inLanguage\":\"fr-FR\"},{\"@type\":\"Organization\",\"@id\":\"https:\/\/www.gemitaly.it\/#organization\",\"name\":\"GEM Italy\",\"url\":\"https:\/\/www.gemitaly.it\/\",\"logo\":{\"@type\":\"ImageObject\",\"inLanguage\":\"fr-FR\",\"@id\":\"https:\/\/www.gemitaly.it\/#\/schema\/logo\/image\/\",\"url\":\"https:\/\/www.gemitaly.it\/wp-content\/uploads\/2024\/06\/icona-APP-GEM.png\",\"contentUrl\":\"https:\/\/www.gemitaly.it\/wp-content\/uploads\/2024\/06\/icona-APP-GEM.png\",\"width\":482,\"height\":520,\"caption\":\"GEM Italy\"},\"image\":{\"@id\":\"https:\/\/www.gemitaly.it\/#\/schema\/logo\/image\/\"},\"sameAs\":[\"https:\/\/www.facebook.com\/gemitaly\",\"https:\/\/www.linkedin.com\/company\/gem-s-r-l\/\"]}]}<\/script>\n<!-- \/ Yoast SEO plugin. -->","yoast_head_json":{"title":"Glubran Tiss 2 - GEM Italy","robots":{"index":"index","follow":"follow","max-snippet":"max-snippet:-1","max-image-preview":"max-image-preview:large","max-video-preview":"max-video-preview:-1"},"canonical":"https:\/\/www.gemitaly.it\/fr\/produits\/glubran-tiss-2\/","og_locale":"fr_FR","og_type":"article","og_title":"Glubran Tiss 2 - GEM Italy","og_url":"https:\/\/www.gemitaly.it\/fr\/produits\/glubran-tiss-2\/","og_site_name":"GEM Italy","article_publisher":"https:\/\/www.facebook.com\/gemitaly","article_modified_time":"2025-06-12T13:52:43+00:00","og_image":[{"url":"https:\/\/www.gemitaly.it\/wp-content\/uploads\/2016\/09\/glubran-tiss2-blister_220.jpg","type":"","width":"","height":""}],"twitter_card":"summary_large_image","twitter_misc":{"Dur\u00e9e de lecture estim\u00e9e":"3 minutes"},"schema":{"@context":"https:\/\/schema.org","@graph":[{"@type":"WebPage","@id":"https:\/\/www.gemitaly.it\/fr\/produits\/glubran-tiss-2\/","url":"https:\/\/www.gemitaly.it\/fr\/produits\/glubran-tiss-2\/","name":"Glubran Tiss 2 - GEM Italy","isPartOf":{"@id":"https:\/\/www.gemitaly.it\/#website"},"primaryImageOfPage":{"@id":"https:\/\/www.gemitaly.it\/fr\/produits\/glubran-tiss-2\/#primaryimage"},"image":{"@id":"https:\/\/www.gemitaly.it\/fr\/produits\/glubran-tiss-2\/#primaryimage"},"thumbnailUrl":"https:\/\/www.gemitaly.it\/wp-content\/uploads\/2016\/09\/glubran-tiss2-blister_220.jpg","datePublished":"2016-09-10T14:31:41+00:00","dateModified":"2025-06-12T13:52:43+00:00","breadcrumb":{"@id":"https:\/\/www.gemitaly.it\/fr\/produits\/glubran-tiss-2\/#breadcrumb"},"inLanguage":"fr-FR","potentialAction":[{"@type":"ReadAction","target":["https:\/\/www.gemitaly.it\/fr\/produits\/glubran-tiss-2\/"]}]},{"@type":"ImageObject","inLanguage":"fr-FR","@id":"https:\/\/www.gemitaly.it\/fr\/produits\/glubran-tiss-2\/#primaryimage","url":"https:\/\/www.gemitaly.it\/wp-content\/uploads\/2016\/09\/glubran-tiss2-blister_220.jpg","contentUrl":"https:\/\/www.gemitaly.it\/wp-content\/uploads\/2016\/09\/glubran-tiss2-blister_220.jpg"},{"@type":"BreadcrumbList","@id":"https:\/\/www.gemitaly.it\/fr\/produits\/glubran-tiss-2\/#breadcrumb","itemListElement":[{"@type":"ListItem","position":1,"name":"Home","item":"https:\/\/www.gemitaly.it\/fr\/home\/"},{"@type":"ListItem","position":2,"name":"Produits","item":"https:\/\/www.gemitaly.it\/fr\/produits\/"},{"@type":"ListItem","position":3,"name":"Glubran Tiss 2"}]},{"@type":"WebSite","@id":"https:\/\/www.gemitaly.it\/#website","url":"https:\/\/www.gemitaly.it\/","name":"GEM Italy","description":"Synthetic Surgical Glues","publisher":{"@id":"https:\/\/www.gemitaly.it\/#organization"},"potentialAction":[{"@type":"SearchAction","target":{"@type":"EntryPoint","urlTemplate":"https:\/\/www.gemitaly.it\/?s={search_term_string}"},"query-input":{"@type":"PropertyValueSpecification","valueRequired":true,"valueName":"search_term_string"}}],"inLanguage":"fr-FR"},{"@type":"Organization","@id":"https:\/\/www.gemitaly.it\/#organization","name":"GEM Italy","url":"https:\/\/www.gemitaly.it\/","logo":{"@type":"ImageObject","inLanguage":"fr-FR","@id":"https:\/\/www.gemitaly.it\/#\/schema\/logo\/image\/","url":"https:\/\/www.gemitaly.it\/wp-content\/uploads\/2024\/06\/icona-APP-GEM.png","contentUrl":"https:\/\/www.gemitaly.it\/wp-content\/uploads\/2024\/06\/icona-APP-GEM.png","width":482,"height":520,"caption":"GEM Italy"},"image":{"@id":"https:\/\/www.gemitaly.it\/#\/schema\/logo\/image\/"},"sameAs":["https:\/\/www.facebook.com\/gemitaly","https:\/\/www.linkedin.com\/company\/gem-s-r-l\/"]}]}},"_links":{"self":[{"href":"https:\/\/www.gemitaly.it\/fr\/wp-json\/wp\/v2\/pages\/1583","targetHints":{"allow":["GET"]}}],"collection":[{"href":"https:\/\/www.gemitaly.it\/fr\/wp-json\/wp\/v2\/pages"}],"about":[{"href":"https:\/\/www.gemitaly.it\/fr\/wp-json\/wp\/v2\/types\/page"}],"author":[{"embeddable":true,"href":"https:\/\/www.gemitaly.it\/fr\/wp-json\/wp\/v2\/users\/1"}],"replies":[{"embeddable":true,"href":"https:\/\/www.gemitaly.it\/fr\/wp-json\/wp\/v2\/comments?post=1583"}],"version-history":[{"count":7,"href":"https:\/\/www.gemitaly.it\/fr\/wp-json\/wp\/v2\/pages\/1583\/revisions"}],"predecessor-version":[{"id":14049,"href":"https:\/\/www.gemitaly.it\/fr\/wp-json\/wp\/v2\/pages\/1583\/revisions\/14049"}],"up":[{"embeddable":true,"href":"https:\/\/www.gemitaly.it\/fr\/wp-json\/wp\/v2\/pages\/953"}],"wp:attachment":[{"href":"https:\/\/www.gemitaly.it\/fr\/wp-json\/wp\/v2\/media?parent=1583"}],"curies":[{"name":"wp","href":"https:\/\/api.w.org\/{rel}","templated":true}]}}