{"id":2244,"date":"2016-09-22T19:29:42","date_gmt":"2016-09-22T17:29:42","guid":{"rendered":"https:\/\/www.gemitaly.it\/prodotti\/dispositifs-applicateurs\/applicateurs-pour-laparoscopie\/nebulizzatore-small\/"},"modified":"2020-06-06T17:10:14","modified_gmt":"2020-06-06T15:10:14","slug":"nebuliseur-small","status":"publish","type":"page","link":"https:\/\/www.gemitaly.it\/fr\/produits\/dispositifs-applicateurs\/applicateurs-pour-laparoscopie\/nebuliseur-small\/","title":{"rendered":"N\u00e9buliseur &#8211; Small"},"content":{"rendered":"<p><img loading=\"lazy\" decoding=\"async\" class=\"alignnone wp-image-6357 size-full\" src=\"https:\/\/www.gemitaly.it\/wp-content\/uploads\/2016\/10\/gem_G2-NBT-SMALL_2020_w800-e1591456185458.jpg\" alt=\"\" width=\"800\" height=\"220\" srcset=\"https:\/\/www.gemitaly.it\/wp-content\/uploads\/2016\/10\/gem_G2-NBT-SMALL_2020_w800-e1591456185458-200x55.jpg 200w, https:\/\/www.gemitaly.it\/wp-content\/uploads\/2016\/10\/gem_G2-NBT-SMALL_2020_w800-e1591456185458-400x110.jpg 400w, https:\/\/www.gemitaly.it\/wp-content\/uploads\/2016\/10\/gem_G2-NBT-SMALL_2020_w800-e1591456185458-600x165.jpg 600w, https:\/\/www.gemitaly.it\/wp-content\/uploads\/2016\/10\/gem_G2-NBT-SMALL_2020_w800-e1591456185458-640x176.jpg 640w, https:\/\/www.gemitaly.it\/wp-content\/uploads\/2016\/10\/gem_G2-NBT-SMALL_2020_w800-e1591456185458-768x211.jpg 768w, https:\/\/www.gemitaly.it\/wp-content\/uploads\/2016\/10\/gem_G2-NBT-SMALL_2020_w800-e1591456185458.jpg 800w\" sizes=\"auto, (max-width: 800px) 100vw, 800px\" \/><\/p>\n<p>Le dispositif permet d\u2019appliquer la Colle Chirurgicale <strong class=\"gemblue\">Glubran 2<\/strong> par n\u00e9bulisation dans les interventions chirurgicales par laparotomie, laparoscopie et thoracotomie.<\/p>\n<p>Il s\u2019agit d\u2019un dispositif \u00e0 usage unique, conditionn\u00e9 en double emballage st\u00e9rile, et avec un syst\u00e8me de propulsion autonome de gaz.<\/p>\n<p>L\u2019utilisation du N\u00e9buliseur pour la colle chirurgicale <strong class=\"gemblue\">Glubran 2<\/strong> est particuli\u00e8rement conseill\u00e9 pour obtenir l\u2019h\u00e9mostase sur petites superficies lorsqu\u2019on d\u00e9sire r\u00e9aliser l\u2019\u00e9tanch\u00e9it\u00e9, pour sceller et renforcer les sutures et pour pouvoir positionner le produit en zones masqu\u00e9es et difficiles d\u2019acc\u00e8s.<\/p>\n","protected":false},"excerpt":{"rendered":"<p>Le dispositif permet d\u2019appliquer la Colle Chirurgicale Glubran 2 par n\u00e9bulisation dans les interventions chirurgicales par laparotomie, laparoscopie et thoracotomie. Il s\u2019agit d\u2019un dispositif \u00e0 usage unique, conditionn\u00e9 en double emballage st\u00e9rile, et avec un syst\u00e8me de propulsion autonome de gaz. L\u2019utilisation du N\u00e9buliseur pour la colle chirurgicale Glubran 2 est particuli\u00e8rement conseill\u00e9 pour obtenir  [&#8230;]<\/p>\n","protected":false},"author":1,"featured_media":0,"parent":2217,"menu_order":2,"comment_status":"closed","ping_status":"closed","template":"page-product.php","meta":{"_acf_changed":false,"footnotes":""},"class_list":["post-2244","page","type-page","status-publish","hentry"],"acf":[],"yoast_head":"<!-- This site is optimized with the Yoast SEO plugin v27.4 - https:\/\/yoast.com\/product\/yoast-seo-wordpress\/ -->\n<title>N\u00e9buliseur - Small - GEM Italy<\/title>\n<meta name=\"robots\" content=\"index, follow, max-snippet:-1, max-image-preview:large, max-video-preview:-1\" \/>\n<link rel=\"canonical\" href=\"https:\/\/www.gemitaly.it\/fr\/produits\/dispositifs-applicateurs\/applicateurs-pour-laparoscopie\/nebuliseur-small\/\" \/>\n<meta property=\"og:locale\" content=\"fr_FR\" \/>\n<meta property=\"og:type\" content=\"article\" \/>\n<meta property=\"og:title\" content=\"N\u00e9buliseur - Small - GEM Italy\" \/>\n<meta property=\"og:description\" content=\"Le dispositif permet d\u2019appliquer la Colle Chirurgicale Glubran 2 par n\u00e9bulisation dans les interventions chirurgicales par laparotomie, laparoscopie et thoracotomie. Il s\u2019agit d\u2019un dispositif \u00e0 usage unique, conditionn\u00e9 en double emballage st\u00e9rile, et avec un syst\u00e8me de propulsion autonome de gaz. L\u2019utilisation du N\u00e9buliseur pour la colle chirurgicale Glubran 2 est particuli\u00e8rement conseill\u00e9 pour obtenir [...]\" \/>\n<meta property=\"og:url\" content=\"https:\/\/www.gemitaly.it\/fr\/produits\/dispositifs-applicateurs\/applicateurs-pour-laparoscopie\/nebuliseur-small\/\" \/>\n<meta property=\"og:site_name\" content=\"GEM Italy\" \/>\n<meta property=\"article:publisher\" content=\"https:\/\/www.facebook.com\/gemitaly\" \/>\n<meta property=\"article:modified_time\" content=\"2020-06-06T15:10:14+00:00\" \/>\n<meta property=\"og:image\" content=\"https:\/\/www.gemitaly.it\/wp-content\/uploads\/2016\/10\/gem_G2-NBT-SMALL_2020_w800-e1591456185458.jpg\" \/>\n\t<meta property=\"og:image:width\" content=\"800\" \/>\n\t<meta property=\"og:image:height\" content=\"220\" \/>\n\t<meta property=\"og:image:type\" content=\"image\/jpeg\" \/>\n<meta name=\"twitter:card\" content=\"summary_large_image\" \/>\n<script type=\"application\/ld+json\" class=\"yoast-schema-graph\">{\"@context\":\"https:\\\/\\\/schema.org\",\"@graph\":[{\"@type\":\"WebPage\",\"@id\":\"https:\\\/\\\/www.gemitaly.it\\\/fr\\\/produits\\\/dispositifs-applicateurs\\\/applicateurs-pour-laparoscopie\\\/nebuliseur-small\\\/\",\"url\":\"https:\\\/\\\/www.gemitaly.it\\\/fr\\\/produits\\\/dispositifs-applicateurs\\\/applicateurs-pour-laparoscopie\\\/nebuliseur-small\\\/\",\"name\":\"N\u00e9buliseur - Small - GEM Italy\",\"isPartOf\":{\"@id\":\"https:\\\/\\\/www.gemitaly.it\\\/#website\"},\"primaryImageOfPage\":{\"@id\":\"https:\\\/\\\/www.gemitaly.it\\\/fr\\\/produits\\\/dispositifs-applicateurs\\\/applicateurs-pour-laparoscopie\\\/nebuliseur-small\\\/#primaryimage\"},\"image\":{\"@id\":\"https:\\\/\\\/www.gemitaly.it\\\/fr\\\/produits\\\/dispositifs-applicateurs\\\/applicateurs-pour-laparoscopie\\\/nebuliseur-small\\\/#primaryimage\"},\"thumbnailUrl\":\"https:\\\/\\\/www.gemitaly.it\\\/wp-content\\\/uploads\\\/2016\\\/10\\\/gem_G2-NBT-SMALL_2020_w800-e1591456185458.jpg\",\"datePublished\":\"2016-09-22T17:29:42+00:00\",\"dateModified\":\"2020-06-06T15:10:14+00:00\",\"breadcrumb\":{\"@id\":\"https:\\\/\\\/www.gemitaly.it\\\/fr\\\/produits\\\/dispositifs-applicateurs\\\/applicateurs-pour-laparoscopie\\\/nebuliseur-small\\\/#breadcrumb\"},\"inLanguage\":\"fr-FR\",\"potentialAction\":[{\"@type\":\"ReadAction\",\"target\":[\"https:\\\/\\\/www.gemitaly.it\\\/fr\\\/produits\\\/dispositifs-applicateurs\\\/applicateurs-pour-laparoscopie\\\/nebuliseur-small\\\/\"]}]},{\"@type\":\"ImageObject\",\"inLanguage\":\"fr-FR\",\"@id\":\"https:\\\/\\\/www.gemitaly.it\\\/fr\\\/produits\\\/dispositifs-applicateurs\\\/applicateurs-pour-laparoscopie\\\/nebuliseur-small\\\/#primaryimage\",\"url\":\"https:\\\/\\\/www.gemitaly.it\\\/wp-content\\\/uploads\\\/2016\\\/10\\\/gem_G2-NBT-SMALL_2020_w800-e1591456185458.jpg\",\"contentUrl\":\"https:\\\/\\\/www.gemitaly.it\\\/wp-content\\\/uploads\\\/2016\\\/10\\\/gem_G2-NBT-SMALL_2020_w800-e1591456185458.jpg\"},{\"@type\":\"BreadcrumbList\",\"@id\":\"https:\\\/\\\/www.gemitaly.it\\\/fr\\\/produits\\\/dispositifs-applicateurs\\\/applicateurs-pour-laparoscopie\\\/nebuliseur-small\\\/#breadcrumb\",\"itemListElement\":[{\"@type\":\"ListItem\",\"position\":1,\"name\":\"Home\",\"item\":\"https:\\\/\\\/www.gemitaly.it\\\/fr\\\/home\\\/\"},{\"@type\":\"ListItem\",\"position\":2,\"name\":\"Produits\",\"item\":\"https:\\\/\\\/www.gemitaly.it\\\/fr\\\/produits\\\/\"},{\"@type\":\"ListItem\",\"position\":3,\"name\":\"Dispositifs applicateurs\",\"item\":\"https:\\\/\\\/www.gemitaly.it\\\/fr\\\/produits\\\/dispositifs-applicateurs\\\/\"},{\"@type\":\"ListItem\",\"position\":4,\"name\":\"Applicateurs pour laparoscopie\",\"item\":\"https:\\\/\\\/www.gemitaly.it\\\/fr\\\/produits\\\/dispositifs-applicateurs\\\/applicateurs-pour-laparoscopie\\\/\"},{\"@type\":\"ListItem\",\"position\":5,\"name\":\"N\u00e9buliseur &#8211; Small\"}]},{\"@type\":\"WebSite\",\"@id\":\"https:\\\/\\\/www.gemitaly.it\\\/#website\",\"url\":\"https:\\\/\\\/www.gemitaly.it\\\/\",\"name\":\"GEM Italy\",\"description\":\"Synthetic Surgical Glues\",\"publisher\":{\"@id\":\"https:\\\/\\\/www.gemitaly.it\\\/#organization\"},\"potentialAction\":[{\"@type\":\"SearchAction\",\"target\":{\"@type\":\"EntryPoint\",\"urlTemplate\":\"https:\\\/\\\/www.gemitaly.it\\\/?s={search_term_string}\"},\"query-input\":{\"@type\":\"PropertyValueSpecification\",\"valueRequired\":true,\"valueName\":\"search_term_string\"}}],\"inLanguage\":\"fr-FR\"},{\"@type\":\"Organization\",\"@id\":\"https:\\\/\\\/www.gemitaly.it\\\/#organization\",\"name\":\"GEM Italy\",\"url\":\"https:\\\/\\\/www.gemitaly.it\\\/\",\"logo\":{\"@type\":\"ImageObject\",\"inLanguage\":\"fr-FR\",\"@id\":\"https:\\\/\\\/www.gemitaly.it\\\/#\\\/schema\\\/logo\\\/image\\\/\",\"url\":\"https:\\\/\\\/www.gemitaly.it\\\/wp-content\\\/uploads\\\/2024\\\/06\\\/icona-APP-GEM.png\",\"contentUrl\":\"https:\\\/\\\/www.gemitaly.it\\\/wp-content\\\/uploads\\\/2024\\\/06\\\/icona-APP-GEM.png\",\"width\":482,\"height\":520,\"caption\":\"GEM Italy\"},\"image\":{\"@id\":\"https:\\\/\\\/www.gemitaly.it\\\/#\\\/schema\\\/logo\\\/image\\\/\"},\"sameAs\":[\"https:\\\/\\\/www.facebook.com\\\/gemitaly\",\"https:\\\/\\\/www.linkedin.com\\\/company\\\/gem-s-r-l\\\/\"]}]}<\/script>\n<!-- \/ Yoast SEO plugin. -->","yoast_head_json":{"title":"N\u00e9buliseur - Small - GEM Italy","robots":{"index":"index","follow":"follow","max-snippet":"max-snippet:-1","max-image-preview":"max-image-preview:large","max-video-preview":"max-video-preview:-1"},"canonical":"https:\/\/www.gemitaly.it\/fr\/produits\/dispositifs-applicateurs\/applicateurs-pour-laparoscopie\/nebuliseur-small\/","og_locale":"fr_FR","og_type":"article","og_title":"N\u00e9buliseur - Small - GEM Italy","og_description":"Le dispositif permet d\u2019appliquer la Colle Chirurgicale Glubran 2 par n\u00e9bulisation dans les interventions chirurgicales par laparotomie, laparoscopie et thoracotomie. Il s\u2019agit d\u2019un dispositif \u00e0 usage unique, conditionn\u00e9 en double emballage st\u00e9rile, et avec un syst\u00e8me de propulsion autonome de gaz. L\u2019utilisation du N\u00e9buliseur pour la colle chirurgicale Glubran 2 est particuli\u00e8rement conseill\u00e9 pour obtenir [...]","og_url":"https:\/\/www.gemitaly.it\/fr\/produits\/dispositifs-applicateurs\/applicateurs-pour-laparoscopie\/nebuliseur-small\/","og_site_name":"GEM Italy","article_publisher":"https:\/\/www.facebook.com\/gemitaly","article_modified_time":"2020-06-06T15:10:14+00:00","og_image":[{"width":800,"height":220,"url":"https:\/\/www.gemitaly.it\/wp-content\/uploads\/2016\/10\/gem_G2-NBT-SMALL_2020_w800-e1591456185458.jpg","type":"image\/jpeg"}],"twitter_card":"summary_large_image","schema":{"@context":"https:\/\/schema.org","@graph":[{"@type":"WebPage","@id":"https:\/\/www.gemitaly.it\/fr\/produits\/dispositifs-applicateurs\/applicateurs-pour-laparoscopie\/nebuliseur-small\/","url":"https:\/\/www.gemitaly.it\/fr\/produits\/dispositifs-applicateurs\/applicateurs-pour-laparoscopie\/nebuliseur-small\/","name":"N\u00e9buliseur - Small - GEM Italy","isPartOf":{"@id":"https:\/\/www.gemitaly.it\/#website"},"primaryImageOfPage":{"@id":"https:\/\/www.gemitaly.it\/fr\/produits\/dispositifs-applicateurs\/applicateurs-pour-laparoscopie\/nebuliseur-small\/#primaryimage"},"image":{"@id":"https:\/\/www.gemitaly.it\/fr\/produits\/dispositifs-applicateurs\/applicateurs-pour-laparoscopie\/nebuliseur-small\/#primaryimage"},"thumbnailUrl":"https:\/\/www.gemitaly.it\/wp-content\/uploads\/2016\/10\/gem_G2-NBT-SMALL_2020_w800-e1591456185458.jpg","datePublished":"2016-09-22T17:29:42+00:00","dateModified":"2020-06-06T15:10:14+00:00","breadcrumb":{"@id":"https:\/\/www.gemitaly.it\/fr\/produits\/dispositifs-applicateurs\/applicateurs-pour-laparoscopie\/nebuliseur-small\/#breadcrumb"},"inLanguage":"fr-FR","potentialAction":[{"@type":"ReadAction","target":["https:\/\/www.gemitaly.it\/fr\/produits\/dispositifs-applicateurs\/applicateurs-pour-laparoscopie\/nebuliseur-small\/"]}]},{"@type":"ImageObject","inLanguage":"fr-FR","@id":"https:\/\/www.gemitaly.it\/fr\/produits\/dispositifs-applicateurs\/applicateurs-pour-laparoscopie\/nebuliseur-small\/#primaryimage","url":"https:\/\/www.gemitaly.it\/wp-content\/uploads\/2016\/10\/gem_G2-NBT-SMALL_2020_w800-e1591456185458.jpg","contentUrl":"https:\/\/www.gemitaly.it\/wp-content\/uploads\/2016\/10\/gem_G2-NBT-SMALL_2020_w800-e1591456185458.jpg"},{"@type":"BreadcrumbList","@id":"https:\/\/www.gemitaly.it\/fr\/produits\/dispositifs-applicateurs\/applicateurs-pour-laparoscopie\/nebuliseur-small\/#breadcrumb","itemListElement":[{"@type":"ListItem","position":1,"name":"Home","item":"https:\/\/www.gemitaly.it\/fr\/home\/"},{"@type":"ListItem","position":2,"name":"Produits","item":"https:\/\/www.gemitaly.it\/fr\/produits\/"},{"@type":"ListItem","position":3,"name":"Dispositifs applicateurs","item":"https:\/\/www.gemitaly.it\/fr\/produits\/dispositifs-applicateurs\/"},{"@type":"ListItem","position":4,"name":"Applicateurs pour laparoscopie","item":"https:\/\/www.gemitaly.it\/fr\/produits\/dispositifs-applicateurs\/applicateurs-pour-laparoscopie\/"},{"@type":"ListItem","position":5,"name":"N\u00e9buliseur &#8211; Small"}]},{"@type":"WebSite","@id":"https:\/\/www.gemitaly.it\/#website","url":"https:\/\/www.gemitaly.it\/","name":"GEM Italy","description":"Synthetic Surgical Glues","publisher":{"@id":"https:\/\/www.gemitaly.it\/#organization"},"potentialAction":[{"@type":"SearchAction","target":{"@type":"EntryPoint","urlTemplate":"https:\/\/www.gemitaly.it\/?s={search_term_string}"},"query-input":{"@type":"PropertyValueSpecification","valueRequired":true,"valueName":"search_term_string"}}],"inLanguage":"fr-FR"},{"@type":"Organization","@id":"https:\/\/www.gemitaly.it\/#organization","name":"GEM Italy","url":"https:\/\/www.gemitaly.it\/","logo":{"@type":"ImageObject","inLanguage":"fr-FR","@id":"https:\/\/www.gemitaly.it\/#\/schema\/logo\/image\/","url":"https:\/\/www.gemitaly.it\/wp-content\/uploads\/2024\/06\/icona-APP-GEM.png","contentUrl":"https:\/\/www.gemitaly.it\/wp-content\/uploads\/2024\/06\/icona-APP-GEM.png","width":482,"height":520,"caption":"GEM Italy"},"image":{"@id":"https:\/\/www.gemitaly.it\/#\/schema\/logo\/image\/"},"sameAs":["https:\/\/www.facebook.com\/gemitaly","https:\/\/www.linkedin.com\/company\/gem-s-r-l\/"]}]}},"_links":{"self":[{"href":"https:\/\/www.gemitaly.it\/fr\/wp-json\/wp\/v2\/pages\/2244","targetHints":{"allow":["GET"]}}],"collection":[{"href":"https:\/\/www.gemitaly.it\/fr\/wp-json\/wp\/v2\/pages"}],"about":[{"href":"https:\/\/www.gemitaly.it\/fr\/wp-json\/wp\/v2\/types\/page"}],"author":[{"embeddable":true,"href":"https:\/\/www.gemitaly.it\/fr\/wp-json\/wp\/v2\/users\/1"}],"replies":[{"embeddable":true,"href":"https:\/\/www.gemitaly.it\/fr\/wp-json\/wp\/v2\/comments?post=2244"}],"version-history":[{"count":4,"href":"https:\/\/www.gemitaly.it\/fr\/wp-json\/wp\/v2\/pages\/2244\/revisions"}],"predecessor-version":[{"id":6377,"href":"https:\/\/www.gemitaly.it\/fr\/wp-json\/wp\/v2\/pages\/2244\/revisions\/6377"}],"up":[{"embeddable":true,"href":"https:\/\/www.gemitaly.it\/fr\/wp-json\/wp\/v2\/pages\/2217"}],"wp:attachment":[{"href":"https:\/\/www.gemitaly.it\/fr\/wp-json\/wp\/v2\/media?parent=2244"}],"curies":[{"name":"wp","href":"https:\/\/api.w.org\/{rel}","templated":true}]}}