{"id":2249,"date":"2016-10-23T17:09:37","date_gmt":"2016-10-23T15:09:37","guid":{"rendered":"https:\/\/www.gemitaly.it\/prodotti\/dispositifs-applicateurs\/applicateurs-pour-laparoscopie\/nebulizzatore-rigido\/"},"modified":"2020-06-06T17:40:31","modified_gmt":"2020-06-06T15:40:31","slug":"nebuliseur-rigide","status":"publish","type":"page","link":"https:\/\/www.gemitaly.it\/fr\/produits\/dispositifs-applicateurs\/applicateurs-pour-laparoscopie\/nebuliseur-rigide\/","title":{"rendered":"N\u00e9buliseur rigide"},"content":{"rendered":"<p><img loading=\"lazy\" decoding=\"async\" class=\"alignnone wp-image-6332 size-full\" src=\"https:\/\/www.gemitaly.it\/wp-content\/uploads\/2016\/10\/gem_G2-NBT-RIG_2020_w800-e1591457896853.jpg\" alt=\"\" width=\"800\" height=\"364\" srcset=\"https:\/\/www.gemitaly.it\/wp-content\/uploads\/2016\/10\/gem_G2-NBT-RIG_2020_w800-e1591457896853-200x91.jpg 200w, https:\/\/www.gemitaly.it\/wp-content\/uploads\/2016\/10\/gem_G2-NBT-RIG_2020_w800-e1591457896853-400x182.jpg 400w, https:\/\/www.gemitaly.it\/wp-content\/uploads\/2016\/10\/gem_G2-NBT-RIG_2020_w800-e1591457896853-600x273.jpg 600w, https:\/\/www.gemitaly.it\/wp-content\/uploads\/2016\/10\/gem_G2-NBT-RIG_2020_w800-e1591457896853-640x291.jpg 640w, https:\/\/www.gemitaly.it\/wp-content\/uploads\/2016\/10\/gem_G2-NBT-RIG_2020_w800-e1591457896853-768x349.jpg 768w, https:\/\/www.gemitaly.it\/wp-content\/uploads\/2016\/10\/gem_G2-NBT-RIG_2020_w800-e1591457896853.jpg 800w\" sizes=\"auto, (max-width: 800px) 100vw, 800px\" \/><\/p>\n<p>Le dispositif permet d&#8217;appliquer la Colle Chirurgicale <strong class=\"gemblue\">Glubran 2<\/strong> par n\u00e9bulisation dans les interventions chirurgicales par laparotomie, laparoscopie et thoracotomie.<\/p>\n<p>Il s&#8217;agit d&#8217;un dispositif \u00e0 usage unique, conditionn\u00e9 en double emballage st\u00e9rile, et avec un syst\u00e8me de propulsion autonome de gaz.<\/p>\n","protected":false},"excerpt":{"rendered":"<p>Le dispositif permet d&#8217;appliquer la Colle Chirurgicale Glubran 2 par n\u00e9bulisation dans les interventions chirurgicales par laparotomie, laparoscopie et thoracotomie. Il s&#8217;agit d&#8217;un dispositif \u00e0 usage unique, conditionn\u00e9 en double emballage st\u00e9rile, et avec un syst\u00e8me de propulsion autonome de gaz.<\/p>\n","protected":false},"author":1,"featured_media":0,"parent":2217,"menu_order":3,"comment_status":"closed","ping_status":"closed","template":"page-product.php","meta":{"_acf_changed":false,"footnotes":""},"class_list":["post-2249","page","type-page","status-publish","hentry"],"acf":[],"yoast_head":"<!-- This site is optimized with the Yoast SEO plugin v27.4 - https:\/\/yoast.com\/product\/yoast-seo-wordpress\/ -->\n<title>N\u00e9buliseur rigide - GEM Italy<\/title>\n<meta name=\"robots\" content=\"index, follow, max-snippet:-1, max-image-preview:large, max-video-preview:-1\" \/>\n<link rel=\"canonical\" href=\"https:\/\/www.gemitaly.it\/fr\/produits\/dispositifs-applicateurs\/applicateurs-pour-laparoscopie\/nebuliseur-rigide\/\" \/>\n<meta property=\"og:locale\" content=\"fr_FR\" \/>\n<meta property=\"og:type\" content=\"article\" \/>\n<meta property=\"og:title\" content=\"N\u00e9buliseur rigide - GEM Italy\" \/>\n<meta property=\"og:description\" content=\"Le dispositif permet d&#8217;appliquer la Colle Chirurgicale Glubran 2 par n\u00e9bulisation dans les interventions chirurgicales par laparotomie, laparoscopie et thoracotomie. Il s&#8217;agit d&#8217;un dispositif \u00e0 usage unique, conditionn\u00e9 en double emballage st\u00e9rile, et avec un syst\u00e8me de propulsion autonome de gaz.\" \/>\n<meta property=\"og:url\" content=\"https:\/\/www.gemitaly.it\/fr\/produits\/dispositifs-applicateurs\/applicateurs-pour-laparoscopie\/nebuliseur-rigide\/\" \/>\n<meta property=\"og:site_name\" content=\"GEM Italy\" \/>\n<meta property=\"article:publisher\" content=\"https:\/\/www.facebook.com\/gemitaly\" \/>\n<meta property=\"article:modified_time\" content=\"2020-06-06T15:40:31+00:00\" \/>\n<meta property=\"og:image\" content=\"https:\/\/www.gemitaly.it\/wp-content\/uploads\/2016\/10\/gem_G2-NBT-RIG_2020_w800-e1591457896853.jpg\" \/>\n\t<meta property=\"og:image:width\" content=\"800\" \/>\n\t<meta property=\"og:image:height\" content=\"364\" \/>\n\t<meta property=\"og:image:type\" content=\"image\/jpeg\" \/>\n<meta name=\"twitter:card\" content=\"summary_large_image\" \/>\n<script type=\"application\/ld+json\" class=\"yoast-schema-graph\">{\"@context\":\"https:\\\/\\\/schema.org\",\"@graph\":[{\"@type\":\"WebPage\",\"@id\":\"https:\\\/\\\/www.gemitaly.it\\\/fr\\\/produits\\\/dispositifs-applicateurs\\\/applicateurs-pour-laparoscopie\\\/nebuliseur-rigide\\\/\",\"url\":\"https:\\\/\\\/www.gemitaly.it\\\/fr\\\/produits\\\/dispositifs-applicateurs\\\/applicateurs-pour-laparoscopie\\\/nebuliseur-rigide\\\/\",\"name\":\"N\u00e9buliseur rigide - GEM Italy\",\"isPartOf\":{\"@id\":\"https:\\\/\\\/www.gemitaly.it\\\/#website\"},\"primaryImageOfPage\":{\"@id\":\"https:\\\/\\\/www.gemitaly.it\\\/fr\\\/produits\\\/dispositifs-applicateurs\\\/applicateurs-pour-laparoscopie\\\/nebuliseur-rigide\\\/#primaryimage\"},\"image\":{\"@id\":\"https:\\\/\\\/www.gemitaly.it\\\/fr\\\/produits\\\/dispositifs-applicateurs\\\/applicateurs-pour-laparoscopie\\\/nebuliseur-rigide\\\/#primaryimage\"},\"thumbnailUrl\":\"https:\\\/\\\/www.gemitaly.it\\\/wp-content\\\/uploads\\\/2016\\\/10\\\/gem_G2-NBT-RIG_2020_w800-e1591457896853.jpg\",\"datePublished\":\"2016-10-23T15:09:37+00:00\",\"dateModified\":\"2020-06-06T15:40:31+00:00\",\"breadcrumb\":{\"@id\":\"https:\\\/\\\/www.gemitaly.it\\\/fr\\\/produits\\\/dispositifs-applicateurs\\\/applicateurs-pour-laparoscopie\\\/nebuliseur-rigide\\\/#breadcrumb\"},\"inLanguage\":\"fr-FR\",\"potentialAction\":[{\"@type\":\"ReadAction\",\"target\":[\"https:\\\/\\\/www.gemitaly.it\\\/fr\\\/produits\\\/dispositifs-applicateurs\\\/applicateurs-pour-laparoscopie\\\/nebuliseur-rigide\\\/\"]}]},{\"@type\":\"ImageObject\",\"inLanguage\":\"fr-FR\",\"@id\":\"https:\\\/\\\/www.gemitaly.it\\\/fr\\\/produits\\\/dispositifs-applicateurs\\\/applicateurs-pour-laparoscopie\\\/nebuliseur-rigide\\\/#primaryimage\",\"url\":\"https:\\\/\\\/www.gemitaly.it\\\/wp-content\\\/uploads\\\/2016\\\/10\\\/gem_G2-NBT-RIG_2020_w800-e1591457896853.jpg\",\"contentUrl\":\"https:\\\/\\\/www.gemitaly.it\\\/wp-content\\\/uploads\\\/2016\\\/10\\\/gem_G2-NBT-RIG_2020_w800-e1591457896853.jpg\"},{\"@type\":\"BreadcrumbList\",\"@id\":\"https:\\\/\\\/www.gemitaly.it\\\/fr\\\/produits\\\/dispositifs-applicateurs\\\/applicateurs-pour-laparoscopie\\\/nebuliseur-rigide\\\/#breadcrumb\",\"itemListElement\":[{\"@type\":\"ListItem\",\"position\":1,\"name\":\"Home\",\"item\":\"https:\\\/\\\/www.gemitaly.it\\\/fr\\\/home\\\/\"},{\"@type\":\"ListItem\",\"position\":2,\"name\":\"Produits\",\"item\":\"https:\\\/\\\/www.gemitaly.it\\\/fr\\\/produits\\\/\"},{\"@type\":\"ListItem\",\"position\":3,\"name\":\"Dispositifs applicateurs\",\"item\":\"https:\\\/\\\/www.gemitaly.it\\\/fr\\\/produits\\\/dispositifs-applicateurs\\\/\"},{\"@type\":\"ListItem\",\"position\":4,\"name\":\"Applicateurs pour laparoscopie\",\"item\":\"https:\\\/\\\/www.gemitaly.it\\\/fr\\\/produits\\\/dispositifs-applicateurs\\\/applicateurs-pour-laparoscopie\\\/\"},{\"@type\":\"ListItem\",\"position\":5,\"name\":\"N\u00e9buliseur rigide\"}]},{\"@type\":\"WebSite\",\"@id\":\"https:\\\/\\\/www.gemitaly.it\\\/#website\",\"url\":\"https:\\\/\\\/www.gemitaly.it\\\/\",\"name\":\"GEM Italy\",\"description\":\"Synthetic Surgical Glues\",\"publisher\":{\"@id\":\"https:\\\/\\\/www.gemitaly.it\\\/#organization\"},\"potentialAction\":[{\"@type\":\"SearchAction\",\"target\":{\"@type\":\"EntryPoint\",\"urlTemplate\":\"https:\\\/\\\/www.gemitaly.it\\\/?s={search_term_string}\"},\"query-input\":{\"@type\":\"PropertyValueSpecification\",\"valueRequired\":true,\"valueName\":\"search_term_string\"}}],\"inLanguage\":\"fr-FR\"},{\"@type\":\"Organization\",\"@id\":\"https:\\\/\\\/www.gemitaly.it\\\/#organization\",\"name\":\"GEM Italy\",\"url\":\"https:\\\/\\\/www.gemitaly.it\\\/\",\"logo\":{\"@type\":\"ImageObject\",\"inLanguage\":\"fr-FR\",\"@id\":\"https:\\\/\\\/www.gemitaly.it\\\/#\\\/schema\\\/logo\\\/image\\\/\",\"url\":\"https:\\\/\\\/www.gemitaly.it\\\/wp-content\\\/uploads\\\/2024\\\/06\\\/icona-APP-GEM.png\",\"contentUrl\":\"https:\\\/\\\/www.gemitaly.it\\\/wp-content\\\/uploads\\\/2024\\\/06\\\/icona-APP-GEM.png\",\"width\":482,\"height\":520,\"caption\":\"GEM Italy\"},\"image\":{\"@id\":\"https:\\\/\\\/www.gemitaly.it\\\/#\\\/schema\\\/logo\\\/image\\\/\"},\"sameAs\":[\"https:\\\/\\\/www.facebook.com\\\/gemitaly\",\"https:\\\/\\\/www.linkedin.com\\\/company\\\/gem-s-r-l\\\/\"]}]}<\/script>\n<!-- \/ Yoast SEO plugin. -->","yoast_head_json":{"title":"N\u00e9buliseur rigide - GEM Italy","robots":{"index":"index","follow":"follow","max-snippet":"max-snippet:-1","max-image-preview":"max-image-preview:large","max-video-preview":"max-video-preview:-1"},"canonical":"https:\/\/www.gemitaly.it\/fr\/produits\/dispositifs-applicateurs\/applicateurs-pour-laparoscopie\/nebuliseur-rigide\/","og_locale":"fr_FR","og_type":"article","og_title":"N\u00e9buliseur rigide - GEM Italy","og_description":"Le dispositif permet d&#8217;appliquer la Colle Chirurgicale Glubran 2 par n\u00e9bulisation dans les interventions chirurgicales par laparotomie, laparoscopie et thoracotomie. Il s&#8217;agit d&#8217;un dispositif \u00e0 usage unique, conditionn\u00e9 en double emballage st\u00e9rile, et avec un syst\u00e8me de propulsion autonome de gaz.","og_url":"https:\/\/www.gemitaly.it\/fr\/produits\/dispositifs-applicateurs\/applicateurs-pour-laparoscopie\/nebuliseur-rigide\/","og_site_name":"GEM Italy","article_publisher":"https:\/\/www.facebook.com\/gemitaly","article_modified_time":"2020-06-06T15:40:31+00:00","og_image":[{"width":800,"height":364,"url":"https:\/\/www.gemitaly.it\/wp-content\/uploads\/2016\/10\/gem_G2-NBT-RIG_2020_w800-e1591457896853.jpg","type":"image\/jpeg"}],"twitter_card":"summary_large_image","schema":{"@context":"https:\/\/schema.org","@graph":[{"@type":"WebPage","@id":"https:\/\/www.gemitaly.it\/fr\/produits\/dispositifs-applicateurs\/applicateurs-pour-laparoscopie\/nebuliseur-rigide\/","url":"https:\/\/www.gemitaly.it\/fr\/produits\/dispositifs-applicateurs\/applicateurs-pour-laparoscopie\/nebuliseur-rigide\/","name":"N\u00e9buliseur rigide - GEM Italy","isPartOf":{"@id":"https:\/\/www.gemitaly.it\/#website"},"primaryImageOfPage":{"@id":"https:\/\/www.gemitaly.it\/fr\/produits\/dispositifs-applicateurs\/applicateurs-pour-laparoscopie\/nebuliseur-rigide\/#primaryimage"},"image":{"@id":"https:\/\/www.gemitaly.it\/fr\/produits\/dispositifs-applicateurs\/applicateurs-pour-laparoscopie\/nebuliseur-rigide\/#primaryimage"},"thumbnailUrl":"https:\/\/www.gemitaly.it\/wp-content\/uploads\/2016\/10\/gem_G2-NBT-RIG_2020_w800-e1591457896853.jpg","datePublished":"2016-10-23T15:09:37+00:00","dateModified":"2020-06-06T15:40:31+00:00","breadcrumb":{"@id":"https:\/\/www.gemitaly.it\/fr\/produits\/dispositifs-applicateurs\/applicateurs-pour-laparoscopie\/nebuliseur-rigide\/#breadcrumb"},"inLanguage":"fr-FR","potentialAction":[{"@type":"ReadAction","target":["https:\/\/www.gemitaly.it\/fr\/produits\/dispositifs-applicateurs\/applicateurs-pour-laparoscopie\/nebuliseur-rigide\/"]}]},{"@type":"ImageObject","inLanguage":"fr-FR","@id":"https:\/\/www.gemitaly.it\/fr\/produits\/dispositifs-applicateurs\/applicateurs-pour-laparoscopie\/nebuliseur-rigide\/#primaryimage","url":"https:\/\/www.gemitaly.it\/wp-content\/uploads\/2016\/10\/gem_G2-NBT-RIG_2020_w800-e1591457896853.jpg","contentUrl":"https:\/\/www.gemitaly.it\/wp-content\/uploads\/2016\/10\/gem_G2-NBT-RIG_2020_w800-e1591457896853.jpg"},{"@type":"BreadcrumbList","@id":"https:\/\/www.gemitaly.it\/fr\/produits\/dispositifs-applicateurs\/applicateurs-pour-laparoscopie\/nebuliseur-rigide\/#breadcrumb","itemListElement":[{"@type":"ListItem","position":1,"name":"Home","item":"https:\/\/www.gemitaly.it\/fr\/home\/"},{"@type":"ListItem","position":2,"name":"Produits","item":"https:\/\/www.gemitaly.it\/fr\/produits\/"},{"@type":"ListItem","position":3,"name":"Dispositifs applicateurs","item":"https:\/\/www.gemitaly.it\/fr\/produits\/dispositifs-applicateurs\/"},{"@type":"ListItem","position":4,"name":"Applicateurs pour laparoscopie","item":"https:\/\/www.gemitaly.it\/fr\/produits\/dispositifs-applicateurs\/applicateurs-pour-laparoscopie\/"},{"@type":"ListItem","position":5,"name":"N\u00e9buliseur rigide"}]},{"@type":"WebSite","@id":"https:\/\/www.gemitaly.it\/#website","url":"https:\/\/www.gemitaly.it\/","name":"GEM Italy","description":"Synthetic Surgical Glues","publisher":{"@id":"https:\/\/www.gemitaly.it\/#organization"},"potentialAction":[{"@type":"SearchAction","target":{"@type":"EntryPoint","urlTemplate":"https:\/\/www.gemitaly.it\/?s={search_term_string}"},"query-input":{"@type":"PropertyValueSpecification","valueRequired":true,"valueName":"search_term_string"}}],"inLanguage":"fr-FR"},{"@type":"Organization","@id":"https:\/\/www.gemitaly.it\/#organization","name":"GEM Italy","url":"https:\/\/www.gemitaly.it\/","logo":{"@type":"ImageObject","inLanguage":"fr-FR","@id":"https:\/\/www.gemitaly.it\/#\/schema\/logo\/image\/","url":"https:\/\/www.gemitaly.it\/wp-content\/uploads\/2024\/06\/icona-APP-GEM.png","contentUrl":"https:\/\/www.gemitaly.it\/wp-content\/uploads\/2024\/06\/icona-APP-GEM.png","width":482,"height":520,"caption":"GEM Italy"},"image":{"@id":"https:\/\/www.gemitaly.it\/#\/schema\/logo\/image\/"},"sameAs":["https:\/\/www.facebook.com\/gemitaly","https:\/\/www.linkedin.com\/company\/gem-s-r-l\/"]}]}},"_links":{"self":[{"href":"https:\/\/www.gemitaly.it\/fr\/wp-json\/wp\/v2\/pages\/2249","targetHints":{"allow":["GET"]}}],"collection":[{"href":"https:\/\/www.gemitaly.it\/fr\/wp-json\/wp\/v2\/pages"}],"about":[{"href":"https:\/\/www.gemitaly.it\/fr\/wp-json\/wp\/v2\/types\/page"}],"author":[{"embeddable":true,"href":"https:\/\/www.gemitaly.it\/fr\/wp-json\/wp\/v2\/users\/1"}],"replies":[{"embeddable":true,"href":"https:\/\/www.gemitaly.it\/fr\/wp-json\/wp\/v2\/comments?post=2249"}],"version-history":[{"count":4,"href":"https:\/\/www.gemitaly.it\/fr\/wp-json\/wp\/v2\/pages\/2249\/revisions"}],"predecessor-version":[{"id":6382,"href":"https:\/\/www.gemitaly.it\/fr\/wp-json\/wp\/v2\/pages\/2249\/revisions\/6382"}],"up":[{"embeddable":true,"href":"https:\/\/www.gemitaly.it\/fr\/wp-json\/wp\/v2\/pages\/2217"}],"wp:attachment":[{"href":"https:\/\/www.gemitaly.it\/fr\/wp-json\/wp\/v2\/media?parent=2249"}],"curies":[{"name":"wp","href":"https:\/\/api.w.org\/{rel}","templated":true}]}}